{"id":130,"date":"2014-09-02T09:16:15","date_gmt":"2014-09-02T08:16:15","guid":{"rendered":"http:\/\/www.stopauxviolencessexuelles.com\/us\/?page_id=130"},"modified":"2014-09-02T13:36:44","modified_gmt":"2014-09-02T12:36:44","slug":"support-make-a-donation","status":"publish","type":"page","link":"https:\/\/www.stopauxviolencessexuelles.com\/us\/support-make-a-donation\/","title":{"rendered":"Make a donation"},"content":{"rendered":"<h1>You can use one of the following ways to make a donation or you can contact us to obtain any further information.\u200b<\/h1>\n<p><a href=\"http:\/\/www.stopauxviolencessexuelles.com\/wp-content\/uploads\/2013\/10\/Appel-aux-dons.pdf\">Click here to open a form for donations in PDF format\u200b\u200b\u200b\u200b<\/a><\/p>\n<h2>Contact:<\/h2>\n<address>Stop aux Violences Sexuelles<br \/>\nc\/o Maison des Associations<br \/>\n23 rue Vernet<br \/>\n75008 Paris<br \/>\nE-mail : <a href=\"mailto: s&#x74;&#x6f;p&#97;&#x75;x&#118;&#x69;&#x6f;l&#x65;&#x6e;c&#101;&#x73;s&#101;&#x78;&#x75;e&#x6c;&#x6c;e&#115;&#x40;y&#97;&#x68;&#x6f;o&#x2e;&#x63;o&#109;\">&#x73;&#x74;&#x6f;&#x70;&#97;&#117;xviol&#x65;&#x6e;&#x63;&#x65;&#x73;&#115;exuel&#x6c;&#x65;&#x73;&#x5b;&#x61;&#116;]yaho&#x6f;&#x2e;&#x63;&#x6f;&#x6d;<\/a><\/address>\n<h2>By check:<\/h2>\n<p>Make out to the order of \u00ab SVS \u00bb<br \/>\nAddressed to:<\/p>\n<address>Stop aux Violences Sexuelles,<br \/>\nc\/o Maison des Associations,<br \/>\n23 rue Vernet,<br \/>\n75008 Paris<br \/>\nFRANCE<\/address>\n<h2>By wire transfer:<\/h2>\n<address>Banque Soci\u00e9t\u00e9 G\u00e9n\u00e9rale, Agence Wagram<br \/>\nCompte : 00050423471<br \/>\nRIB : 30003 03461 00050423471<br \/>\nIBAN : FR76 3000 3034 6100 0504 2347 146<br \/>\nBIC : SOGEFRPP<\/address>\n<h2>By paypal :<\/h2>\n<form action=\"https:\/\/www.paypal.com\/cgi-bin\/webscr\" method=\"post\" target=\"_top\"><input name=\"cmd\" type=\"hidden\" value=\"_s-xclick\" \/><input name=\"hosted_button_id\" type=\"hidden\" value=\"QANGB8KESM7LA\" \/><input alt=\"PayPal - la solution de paiement en ligne la plus simple et la plus s\u00e9curis\u00e9e !\" name=\"submit\" src=\"https:\/\/www.paypalobjects.com\/fr_FR\/FR\/i\/btn\/btn_donateCC_LG.gif\" type=\"image\" \/><br \/>\n<img loading=\"lazy\" src=\"https:\/\/www.paypalobjects.com\/fr_FR\/i\/scr\/pixel.gif\" alt=\"\" width=\"1\" height=\"1\" border=\"0\" \/><\/form>\n","protected":false},"excerpt":{"rendered":"<p>You can use one of the following ways to make a donation or you can contact us to obtain any further information.\u200b Click here to open a form for donations in PDF format\u200b\u200b\u200b\u200b Contact: Stop aux Violences Sexuelles c\/o Maison des Associations 23 rue Vernet 75008 Paris E-mail : stopauxviolen&#99;&#101;&#115;&#115;&#101;&#x78;&#x75;&#x65;&#x6c;&#x6c;&#x65;&#x73;&#x5b;&#x61;&#x74;&#x5d;&#x79;&#x61;&#x68;&#x6f;o.com By check: Make out to [&hellip;]<\/p>\n","protected":false},"author":1,"featured_media":203,"parent":0,"menu_order":0,"comment_status":"closed","ping_status":"open","template":"","meta":[],"_links":{"self":[{"href":"https:\/\/www.stopauxviolencessexuelles.com\/us\/wp-json\/wp\/v2\/pages\/130"}],"collection":[{"href":"https:\/\/www.stopauxviolencessexuelles.com\/us\/wp-json\/wp\/v2\/pages"}],"about":[{"href":"https:\/\/www.stopauxviolencessexuelles.com\/us\/wp-json\/wp\/v2\/types\/page"}],"author":[{"embeddable":true,"href":"https:\/\/www.stopauxviolencessexuelles.com\/us\/wp-json\/wp\/v2\/users\/1"}],"replies":[{"embeddable":true,"href":"https:\/\/www.stopauxviolencessexuelles.com\/us\/wp-json\/wp\/v2\/comments?post=130"}],"version-history":[{"count":2,"href":"https:\/\/www.stopauxviolencessexuelles.com\/us\/wp-json\/wp\/v2\/pages\/130\/revisions"}],"predecessor-version":[{"id":178,"href":"https:\/\/www.stopauxviolencessexuelles.com\/us\/wp-json\/wp\/v2\/pages\/130\/revisions\/178"}],"wp:featuredmedia":[{"embeddable":true,"href":"https:\/\/www.stopauxviolencessexuelles.com\/us\/wp-json\/wp\/v2\/media\/203"}],"wp:attachment":[{"href":"https:\/\/www.stopauxviolencessexuelles.com\/us\/wp-json\/wp\/v2\/media?parent=130"}],"curies":[{"name":"wp","href":"https:\/\/api.w.org\/{rel}","templated":true}]}}