{"id":152,"date":"2014-09-02T09:47:43","date_gmt":"2014-09-02T08:47:43","guid":{"rendered":"http:\/\/www.stopauxviolencessexuelles.com\/us\/?page_id=152"},"modified":"2018-02-03T09:15:11","modified_gmt":"2018-02-03T08:15:11","slug":"links","status":"publish","type":"page","link":"https:\/\/www.stopauxviolencessexuelles.com\/us\/links\/","title":{"rendered":"Links"},"content":{"rendered":"<h1>Enfants avertis \u200b<\/h1>\n<p>Enfants avertis est un programme canadien d&#8217;\u00e9ducation \u00e0 la s\u00e9curit\u00e9 qui vise \u00e0 renforcer la s\u00e9curit\u00e9 personnelle des enfants et \u00e0 les prot\u00e9ger contre les risques d&#8217;exploitation sexuelle. \u200b<br \/>\n<a href=\"https:\/\/www.kidsintheknow.ca\/app\/fr\/\" target=\"_blank\" rel=\"noopener\">www.kidsintheknow.ca\/app\/fr\/\u200b<\/a><\/p>\n<h1>Espace \u200b<\/h1>\n<p>Le programme qu\u00e9b\u00e9cois ESPACE met \u00e0 disposition des enfants et de leur entourage des outils de pr\u00e9vention des diff\u00e9rentes formes de violences.<br \/>\n<a title=\"espace sans violence\" href=\"http:\/\/www.espacesansviolence.org\/\" target=\"_blank\" rel=\"noopener\">www.espacesansviolence.org\/<\/a><\/p>\n<h1>Portail officiel de signalement des contenus illicites de l&#8217;internet<\/h1>\n<p><a title=\"https:\/\/www.internet-signalement.gouv.fr\/PortailWeb\/planets\/Accueil!input.action\" href=\"https:\/\/www.internet-signalement.gouv.fr\/PortailWeb\/planets\/Accueil!input.action\" target=\"_blank\" rel=\"noopener\">https:\/\/www.internet-signalement.gouv.fr\/PortailWeb\/planets\/Accueil!input.action<\/a><\/p>\n<h1>Point de contact\u200b<\/h1>\n<p>Pointdecontact.net est un service fran\u00e7ais de signalement en ligne mis en place par les fournisseurs d&#8217;acc\u00e8s et permettant aux internautes de signaler tout contenu choquant rencontr\u00e9 sur Internet.<br \/>\n<a title=\"point de contact\" href=\"http:\/\/www.pointdecontact.net\/\" target=\"_blank\" rel=\"noopener\">http:\/\/www.pointdecontact.net\/<\/a><\/p>\n<h2>EUROPOL \u2013 campagne SAY NO!<\/h2>\n<p><a href=\"https:\/\/www.europol.europa.eu\/activities-services\/public-awareness-and-prevention-guides\/online-sexual-coercion-and-extortion-crime\" target=\"_blank\" rel=\"noopener\">https:\/\/www.europol.europa.eu\/activities-services\/public-awareness-and-prevention-guides\/online-sexual-coercion-and-extortion-crime<\/a><strong>\u00a0<\/strong><\/p>\n<p><iframe width=\"625\" height=\"352\" src=\"https:\/\/www.youtube.com\/embed\/KnG8CFyKIAg?feature=oembed\" frameborder=\"0\" allow=\"autoplay; encrypted-media\" allowfullscreen><\/iframe><\/p>\n","protected":false},"excerpt":{"rendered":"<p>Enfants avertis \u200b Enfants avertis est un programme canadien d&#8217;\u00e9ducation \u00e0 la s\u00e9curit\u00e9 qui vise \u00e0 renforcer la s\u00e9curit\u00e9 personnelle des enfants et \u00e0 les prot\u00e9ger contre les risques d&#8217;exploitation sexuelle. \u200b www.kidsintheknow.ca\/app\/fr\/\u200b Espace \u200b Le programme qu\u00e9b\u00e9cois ESPACE met \u00e0 disposition des enfants et de leur entourage des outils de pr\u00e9vention des diff\u00e9rentes formes [&hellip;]<\/p>\n","protected":false},"author":1,"featured_media":202,"parent":0,"menu_order":0,"comment_status":"closed","ping_status":"open","template":"","meta":[],"_links":{"self":[{"href":"https:\/\/www.stopauxviolencessexuelles.com\/us\/wp-json\/wp\/v2\/pages\/152"}],"collection":[{"href":"https:\/\/www.stopauxviolencessexuelles.com\/us\/wp-json\/wp\/v2\/pages"}],"about":[{"href":"https:\/\/www.stopauxviolencessexuelles.com\/us\/wp-json\/wp\/v2\/types\/page"}],"author":[{"embeddable":true,"href":"https:\/\/www.stopauxviolencessexuelles.com\/us\/wp-json\/wp\/v2\/users\/1"}],"replies":[{"embeddable":true,"href":"https:\/\/www.stopauxviolencessexuelles.com\/us\/wp-json\/wp\/v2\/comments?post=152"}],"version-history":[{"count":3,"href":"https:\/\/www.stopauxviolencessexuelles.com\/us\/wp-json\/wp\/v2\/pages\/152\/revisions"}],"predecessor-version":[{"id":586,"href":"https:\/\/www.stopauxviolencessexuelles.com\/us\/wp-json\/wp\/v2\/pages\/152\/revisions\/586"}],"wp:featuredmedia":[{"embeddable":true,"href":"https:\/\/www.stopauxviolencessexuelles.com\/us\/wp-json\/wp\/v2\/media\/202"}],"wp:attachment":[{"href":"https:\/\/www.stopauxviolencessexuelles.com\/us\/wp-json\/wp\/v2\/media?parent=152"}],"curies":[{"name":"wp","href":"https:\/\/api.w.org\/{rel}","templated":true}]}}