{"id":156,"date":"2014-09-02T09:51:23","date_gmt":"2014-09-02T08:51:23","guid":{"rendered":"http:\/\/www.stopauxviolencessexuelles.com\/us\/?page_id=156"},"modified":"2019-09-18T07:40:45","modified_gmt":"2019-09-18T06:40:45","slug":"id","status":"publish","type":"page","link":"https:\/\/www.stopauxviolencessexuelles.com\/us\/id\/","title":{"rendered":"ID"},"content":{"rendered":"<h1>Si\u00e8ge social \u2013 correspondance :<\/h1>\n<p><strong>Association Stop aux Violences Sexuelles<\/strong><\/p>\n<address>c\/o Maison des Associations du 8e,<br \/>\n23 rue Vernet,<br \/>\n75008 PARIS<\/address>\n<p>Association loi 1901 cr\u00e9\u00e9e le 11 mars 2013<\/p>\n<p>J.O. du 04\/05\/2013\u00a0\u00a0 N\u00b0 annonce 01251<br \/>\nNum\u00e9ro de parution 0018<\/p>\n<p>Enregistr\u00e9e \u00e0 la Pr\u00e9fecture de Police de Paris<br \/>\nLe 22 avril 2013 n\u00b0W751219478<br \/>\nSIRET : 793 031 493 00026<\/p>\n<p><a href=\"http:\/\/www.stopauxviolencessexuelles.com\/\" target=\"_self\">www.stopauxviolencessexuelles.com<\/a>\u200b<br \/>\n<a href=\"http:\/\/www.stopauxviolencessexuelles.com\/#!home\/c1okw\" target=\"_self\">www.sexualviolencestop.com<\/a><\/p>\n","protected":false},"excerpt":{"rendered":"<p>Si\u00e8ge social \u2013 correspondance : Association Stop aux Violences Sexuelles c\/o Maison des Associations du 8e, 23 rue Vernet, 75008 PARIS Association loi 1901 cr\u00e9\u00e9e le 11 mars 2013 J.O. du 04\/05\/2013\u00a0\u00a0 N\u00b0 annonce 01251 Num\u00e9ro de parution 0018 Enregistr\u00e9e \u00e0 la Pr\u00e9fecture de Police de Paris Le 22 avril 2013 n\u00b0W751219478 SIRET : 793 [&hellip;]<\/p>\n","protected":false},"author":1,"featured_media":210,"parent":0,"menu_order":0,"comment_status":"closed","ping_status":"open","template":"","meta":[],"_links":{"self":[{"href":"https:\/\/www.stopauxviolencessexuelles.com\/us\/wp-json\/wp\/v2\/pages\/156"}],"collection":[{"href":"https:\/\/www.stopauxviolencessexuelles.com\/us\/wp-json\/wp\/v2\/pages"}],"about":[{"href":"https:\/\/www.stopauxviolencessexuelles.com\/us\/wp-json\/wp\/v2\/types\/page"}],"author":[{"embeddable":true,"href":"https:\/\/www.stopauxviolencessexuelles.com\/us\/wp-json\/wp\/v2\/users\/1"}],"replies":[{"embeddable":true,"href":"https:\/\/www.stopauxviolencessexuelles.com\/us\/wp-json\/wp\/v2\/comments?post=156"}],"version-history":[{"count":2,"href":"https:\/\/www.stopauxviolencessexuelles.com\/us\/wp-json\/wp\/v2\/pages\/156\/revisions"}],"predecessor-version":[{"id":975,"href":"https:\/\/www.stopauxviolencessexuelles.com\/us\/wp-json\/wp\/v2\/pages\/156\/revisions\/975"}],"wp:featuredmedia":[{"embeddable":true,"href":"https:\/\/www.stopauxviolencessexuelles.com\/us\/wp-json\/wp\/v2\/media\/210"}],"wp:attachment":[{"href":"https:\/\/www.stopauxviolencessexuelles.com\/us\/wp-json\/wp\/v2\/media?parent=156"}],"curies":[{"name":"wp","href":"https:\/\/api.w.org\/{rel}","templated":true}]}}