{"id":164,"date":"2014-09-02T09:56:52","date_gmt":"2014-09-02T08:56:52","guid":{"rendered":"http:\/\/www.stopauxviolencessexuelles.com\/us\/?page_id=164"},"modified":"2016-02-28T23:40:07","modified_gmt":"2016-02-28T22:40:07","slug":"conference-2014","status":"publish","type":"page","link":"https:\/\/www.stopauxviolencessexuelles.com\/us\/conference-2014\/","title":{"rendered":"Conference 2014"},"content":{"rendered":"<h1>1<sup>\u00e8res<\/sup> ASSISES NATIONALES SUR LES VIOLENCES SEXUELLES<\/h1>\n<p><strong>13 Janvier 2014<\/strong><br \/>\n<a href=\"http:\/\/www.stopauxviolencessexuelles.com\/wp-content\/uploads\/2014\/02\/Assises-2014-Ce-que-vous-en-avez-pens\u00e9.pdf\" target=\"_blank\">Ce que vous en avez pens\u00e9<\/a><\/p>\n<p><strong>Programme<\/strong><br \/>\n<a href=\"http:\/\/www.stopauxviolencessexuelles.com\/wp-content\/uploads\/2013\/10\/programme-assises2014.pdf\" target=\"_blank\">Programme des Assises 2014 &#8211; Fran\u00e7ais<\/a><br \/>\n<a href=\"http:\/\/www.stopauxviolencessexuelles.com\/wp-content\/uploads\/2013\/10\/ASSISES-VIOLENCES-SEXUELLES-2014-PROGRAMA_ESP.pdf\" target=\"_blank\">Programme des Assises 2014 &#8211; Espagnol<\/a><br \/>\n<a href=\"http:\/\/www.stopauxviolencessexuelles.com\/wp-content\/uploads\/2013\/10\/ASSISES-VIOLENCES-SEXUELLES-2014-PROGRAM_UK.pdf\" target=\"_blank\">Programme des Assises 2014 &#8211; Anglais<\/a><\/p>\n<p><a href=\"http:\/\/www.stopauxviolencessexuelles.com\/wp-content\/uploads\/2013\/12\/intervenants.pdf\" target=\"_blank\">CV des intervenants<\/a><\/p>\n<p><strong>Interventions<\/strong><\/p>\n<p>Vid\u00e9o de Muguette Dini<br \/>\n<iframe src=\"\/\/www.youtube.com\/embed\/M5q2wXcBYSM?rel=0\" height=\"360\" width=\"480\" allowfullscreen=\"\" frameborder=\"0\"><\/iframe><\/p>\n<p><a href=\"http:\/\/www.stopauxviolencessexuelles.com\/wp-content\/uploads\/2013\/12\/03_SLIDE-2014-Assises-Nationales-Violaine-Gu\u00e9rin-1\u00e8re-intervention-Introduction.pdf\" target=\"_blank\">Diapositives de Violaine Gu\u00e9rin, Introduction<\/a><br \/>\n<iframe src=\"\/\/www.youtube.com\/embed\/OBsXGYsgAsA?rel=0\" height=\"360\" width=\"480\" allowfullscreen=\"\" frameborder=\"0\"><\/iframe><\/p>\n<p>T\u00e9moignage d&#8217;Olivier Demacon<br \/>\n<em>Ce t\u00e9moignage peut heurter votre sensibilit\u00e9<\/em><br \/>\n<iframe src=\"\/\/www.youtube.com\/embed\/xjw4MLbKvQ0?rel=0\" height=\"360\" width=\"480\" allowfullscreen=\"\" frameborder=\"0\"><\/iframe><\/p>\n<p>T\u00e9moignage d&#8217;Emmanuelle Bertrand<br \/>\n<em>Ce t\u00e9moignage peut heurter votre sensibilit\u00e9<\/em><br \/>\n<iframe src=\"\/\/www.youtube.com\/embed\/F4CfX29kcTA?rel=0\" height=\"360\" width=\"480\" allowfullscreen=\"\" frameborder=\"0\"><\/iframe><\/p>\n<p>T\u00e9moignages du Cameroun<br \/>\n<em>Ce t\u00e9moignage peut heurter votre sensibilit\u00e9-certaines images sont difficiles (jusqu&#8217;\u00e0 1mn45)<\/em><br \/>\n<iframe src=\"\/\/www.youtube.com\/embed\/JaOzqvHn0W0?rel=0\" height=\"360\" width=\"480\" allowfullscreen=\"\" frameborder=\"0\"><\/iframe><\/p>\n<p><a href=\"http:\/\/www.stopauxviolencessexuelles.com\/wp-content\/uploads\/2013\/12\/06_SLIDE-2014-Assises-Nationales-Pierre-Fold\u00e8s.pdf\" target=\"_blank\">Diapositives de Pierre Fold\u00e8s<\/a><br \/>\n<iframe src=\"\/\/www.youtube.com\/embed\/EOrKKVYv-jU?rel=0\" height=\"360\" width=\"480\" allowfullscreen=\"\" frameborder=\"0\"><\/iframe><\/p>\n<p><a href=\"http:\/\/www.stopauxviolencessexuelles.com\/wp-content\/uploads\/2014\/07\/07_SLIDE-2014-Assises-Nationales-Jean-Louis-Thomas.pdf\" target=\"_blank\">Diapositives de Jean-Louis Thomas<\/a><br \/>\n<iframe src=\"\/\/www.youtube.com\/embed\/ypJ2XqqhgYo?rel=0\" height=\"360\" width=\"480\" allowfullscreen=\"\" frameborder=\"0\"><\/iframe><\/p>\n<p><a href=\"http:\/\/www.stopauxviolencessexuelles.com\/wp-content\/uploads\/2013\/12\/10_SLIDE-2014-Assises-Nationales-Violaine-Gu\u00e9rin-2e-intervention-Copy.pdf\" target=\"_blank\">Diapositives de Violaine Gu\u00e9rin<\/a><br \/>\n<iframe src=\"\/\/www.youtube.com\/embed\/QEPUfzadIKs?rel=0\" height=\"360\" width=\"480\" allowfullscreen=\"\" frameborder=\"0\"><\/iframe><\/p>\n<p><a href=\"http:\/\/www.stopauxviolencessexuelles.com\/wp-content\/uploads\/2013\/12\/11_SLIDE-2014-Assises-Nationales-Charlotte-Hemmerdinger-et-groupe-juridique-et-judiciaire.pdf\" target=\"_blank\">Diapositives de Charlotte Hemmerdinger et groupe juridique et judiciaire<\/a><br \/>\n<iframe src=\"\/\/www.youtube.com\/embed\/xPz9qW2QkAs?rel=0\" height=\"360\" width=\"480\" allowfullscreen=\"\" frameborder=\"0\"><\/iframe><\/p>\n<p><a href=\"http:\/\/www.stopauxviolencessexuelles.com\/wp-content\/uploads\/2013\/12\/12_SLIDE-2014-Assises-Nationales-Natacha-Regensberg-de-Andreis.pdf\" target=\"_blank\">Diapositives de Natacha Regensberg de Andreis<\/a><br \/>\n<iframe src=\"\/\/www.youtube.com\/embed\/S_BehoY8bCY?rel=0\" height=\"360\" width=\"480\" allowfullscreen=\"\" frameborder=\"0\"><\/iframe><\/p>\n<p><a href=\"http:\/\/www.stopauxviolencessexuelles.com\/wp-content\/uploads\/2013\/12\/15_SLIDE-2014-Assises-Nationales-Philippe-Lacrosse.pdf\" target=\"_blank\">Diapositives de Philippe Lacrosse<\/a><\/p>\n<p><a href=\"http:\/\/www.stopauxviolencessexuelles.com\/wp-content\/uploads\/2013\/12\/16_SLIDE-2014-Assises-Nationales-Marie-Laure-Gamet.pdf\" target=\"_blank\">Diapositives de Marie-Laure Gamet<\/a><br \/>\n<iframe src=\"\/\/www.youtube.com\/embed\/R-f5CPj8VY0?rel=0\" height=\"360\" width=\"480\" allowfullscreen=\"\" frameborder=\"0\"><\/iframe><\/p>\n<p><a href=\"http:\/\/www.stopauxviolencessexuelles.com\/wp-content\/uploads\/2013\/12\/17_SLIDE-2014-Assises-Nationales-Johanna-Dagorn-Eric-Debarbieux.pdf\" target=\"_blank\">Diapositives de Johanna Dagorn, Eric Debarbieux<\/a><br \/>\n<iframe src=\"\/\/www.youtube.com\/embed\/xz90cWirrik?rel=0\" height=\"360\" width=\"480\" allowfullscreen=\"\" frameborder=\"0\"><\/iframe><\/p>\n<p><a href=\"http:\/\/www.stopauxviolencessexuelles.com\/wp-content\/uploads\/2013\/12\/18_SLIDE-2014-Assises-Nationales-Isabelle-Gautheron.pdf\" target=\"_blank\">Diapositives de Isabelle Gautheron<\/a><br \/>\n<iframe src=\"\/\/www.youtube.com\/embed\/Mt9NX0-lqi0?rel=0\" height=\"360\" width=\"480\" allowfullscreen=\"\" frameborder=\"0\"><\/iframe><\/p>\n<p><a href=\"http:\/\/www.stopauxviolencessexuelles.com\/wp-content\/uploads\/2013\/12\/Assises-Violences-Sexuelles-2014-Messages-cl\u00e9.pdf\" target=\"_blank\">Messages cl\u00e9<\/a><\/p>\n<p><a href=\"http:\/\/www.stopauxviolencessexuelles.com\/wp-content\/uploads\/2013\/12\/Sponsors.pdf\" target=\"_blank\">Sponsors<\/a><\/p>\n<p><a href=\"http:\/\/www.stopauxviolencessexuelles.com\/wp-content\/uploads\/2013\/12\/Assises-Violences-Sexuelles-2014-Liste-des-participants.pdf\" target=\"_blank\">Liste des inscrits<\/a><\/p>\n<p><a title=\"Photos et vid\u00e9os\" href=\"http:\/\/www.stopauxviolencessexuelles.com\/photos-et-videos-2\/\">Photos<\/a><\/p>\n<p><a href=\"http:\/\/www.stopauxviolencessexuelles.com\/wp-content\/uploads\/2013\/12\/Assises-Violences-Sexuelles-2014-Dossier-de-presse.pdf\" target=\"_blank\">Dossier de presse : \u00c9radiquer les violences sexuelles sur le mod\u00e8le d\u2019une strat\u00e9gie vaccinale<\/a><\/p>\n<p><a href=\"http:\/\/www.stopauxviolencessexuelles.com\/wp-content\/uploads\/2013\/12\/Colosse-aux-Pieds-dArgile-Flyer_100x210.pdf\" target=\"_blank\">Association colosse aux pieds d&#8217;argile<\/a><\/p>\n","protected":false},"excerpt":{"rendered":"<p>1\u00e8res ASSISES NATIONALES SUR LES VIOLENCES SEXUELLES 13 Janvier 2014 Ce que vous en avez pens\u00e9 Programme Programme des Assises 2014 &#8211; Fran\u00e7ais Programme des Assises 2014 &#8211; Espagnol Programme des Assises 2014 &#8211; Anglais CV des intervenants Interventions Vid\u00e9o de Muguette Dini Diapositives de Violaine Gu\u00e9rin, Introduction T\u00e9moignage d&#8217;Olivier Demacon Ce t\u00e9moignage peut heurter [&hellip;]<\/p>\n","protected":false},"author":1,"featured_media":5,"parent":0,"menu_order":0,"comment_status":"closed","ping_status":"open","template":"","meta":[],"_links":{"self":[{"href":"https:\/\/www.stopauxviolencessexuelles.com\/us\/wp-json\/wp\/v2\/pages\/164"}],"collection":[{"href":"https:\/\/www.stopauxviolencessexuelles.com\/us\/wp-json\/wp\/v2\/pages"}],"about":[{"href":"https:\/\/www.stopauxviolencessexuelles.com\/us\/wp-json\/wp\/v2\/types\/page"}],"author":[{"embeddable":true,"href":"https:\/\/www.stopauxviolencessexuelles.com\/us\/wp-json\/wp\/v2\/users\/1"}],"replies":[{"embeddable":true,"href":"https:\/\/www.stopauxviolencessexuelles.com\/us\/wp-json\/wp\/v2\/comments?post=164"}],"version-history":[{"count":2,"href":"https:\/\/www.stopauxviolencessexuelles.com\/us\/wp-json\/wp\/v2\/pages\/164\/revisions"}],"predecessor-version":[{"id":295,"href":"https:\/\/www.stopauxviolencessexuelles.com\/us\/wp-json\/wp\/v2\/pages\/164\/revisions\/295"}],"wp:featuredmedia":[{"embeddable":true,"href":"https:\/\/www.stopauxviolencessexuelles.com\/us\/wp-json\/wp\/v2\/media\/5"}],"wp:attachment":[{"href":"https:\/\/www.stopauxviolencessexuelles.com\/us\/wp-json\/wp\/v2\/media?parent=164"}],"curies":[{"name":"wp","href":"https:\/\/api.w.org\/{rel}","templated":true}]}}