{"id":234,"date":"2014-11-08T10:49:23","date_gmt":"2014-11-08T09:49:23","guid":{"rendered":"http:\/\/www.stopauxviolencessexuelles.com\/us\/?page_id=234"},"modified":"2016-02-28T23:44:17","modified_gmt":"2016-02-28T22:44:17","slug":"conference-2015","status":"publish","type":"page","link":"https:\/\/www.stopauxviolencessexuelles.com\/us\/conference-2015\/","title":{"rendered":"Conference 2015"},"content":{"rendered":"<p><strong>2\u00e8mes ASSISES NATIONALES SUR LES VIOLENCES SEXUELLES<\/strong><\/p>\n<p><strong>Programme<\/strong><br \/>\n<a href=\"http:\/\/www.stopauxviolencessexuelles.com\/wp-content\/uploads\/2015\/01\/01-Programme-Fran\u00e7ais.pdf\" target=\"_blank\">Programme des Assises 2015 \u2013 Fran\u00e7ais<\/a><br \/>\n<a href=\"http:\/\/www.stopauxviolencessexuelles.com\/wp-content\/uploads\/2015\/01\/02-Programme-UK.pdf\" target=\"_blank\">Programme des Assises 2015 &#8211; Anglais<\/a><br \/>\n<a href=\"http:\/\/www.stopauxviolencessexuelles.com\/wp-content\/uploads\/2015\/01\/03-Programme-Espagnol.pdf\" target=\"_blank\">Programme des Assises 2015 &#8211; Espagnol<\/a><br \/>\n<a href=\"http:\/\/www.stopauxviolencessexuelles.com\/wp-content\/uploads\/2015\/03\/PROGRAMME-ASSISES-2015_ALLEMAND_150119.pdf\" target=\"_blank\">Programme des Assises 2015 &#8211; Allemand<\/a><\/p>\n<p><a href=\"http:\/\/www.stopauxviolencessexuelles.com\/wp-content\/uploads\/2015\/01\/10-CV-des-intervenants.pdf\" target=\"_blank\"><strong>CV des intervenants<\/strong><\/a><\/p>\n<p><strong>LE 12\/01<\/strong><\/p>\n<p><strong>Interventions<\/strong><br \/>\nIntervention de M. Guy Geoffroy<br \/>\n<iframe src=\"\/\/www.youtube.com\/embed\/CJTMW_eWngY?rel=0\" width=\"480\" height=\"360\" frameborder=\"0\" allowfullscreen=\"allowfullscreen\"><\/iframe><\/p>\n<p>Diapositives de Violaine Gu\u00e9rin, <a href=\"http:\/\/www.stopauxviolencessexuelles.com\/wp-content\/uploads\/2015\/01\/03_SLIDE-2015-Assises-Nationales-Violaine-Gu\u00e9rin-1\u00e8re-intervention.pdf\" target=\"_blank\">le chemin parcouru entre les deux Assises<\/a><br \/>\n<iframe src=\"\/\/www.youtube.com\/embed\/SXakxYIW-qw?rel=0\" width=\"480\" height=\"360\" frameborder=\"0\" allowfullscreen=\"allowfullscreen\"><\/iframe><br \/>\nDiapositives de Jean-Louis Thomas, <a href=\"http:\/\/www.stopauxviolencessexuelles.com\/wp-content\/uploads\/2015\/01\/04_SLIDE-2015-Assises-Nationales-Jean-Louis-Thomas.pdf\" target=\"_blank\">\u00e9tude \u00e9pid\u00e9miologique SVS14-01<\/a><br \/>\n<iframe src=\"\/\/www.youtube.com\/embed\/zwv-fYbS8Kk?rel=0\" width=\"480\" height=\"360\" frameborder=\"0\" allowfullscreen=\"allowfullscreen\"><\/iframe><br \/>\nDiapositives de Louis Jehel, <a href=\"http:\/\/www.stopauxviolencessexuelles.com\/wp-content\/uploads\/2015\/01\/05_SLIDE-2015-Assises-Nationales-Louis-Jehel.pdf\" target=\"_blank\">l&#8217;amn\u00e9sie post-traumatique<\/a><br \/>\n<iframe src=\"\/\/www.youtube.com\/embed\/mPvG6TphN7U?rel=0\" width=\"480\" height=\"360\" frameborder=\"0\" allowfullscreen=\"allowfullscreen\"><\/iframe><br \/>\nDiapositives de Muguette Dini, <a href=\"http:\/\/www.stopauxviolencessexuelles.com\/wp-content\/uploads\/2015\/01\/08_SLIDE-2015-Assises-Nationales-Muguette-Dini.pdf\" target=\"_blank\">la proposition de loi 368<\/a><br \/>\n<iframe src=\"\/\/www.youtube.com\/embed\/pDMrjt7XtSQ?rel=0\" width=\"480\" height=\"360\" frameborder=\"0\" allowfullscreen=\"allowfullscreen\"><\/iframe><br \/>\nDiapositives de Marie-Fran\u00e7oise Masson-Meyer et Pascale Mermet-Vaucher, <a href=\"http:\/\/www.stopauxviolencessexuelles.com\/wp-content\/uploads\/2015\/01\/09_SLIDE-2015-Assises-Nationales-MFMS-et-PMV.pdf\" target=\"_blank\">le recueil de la parole de l&#8217;enfant<\/a><br \/>\n<iframe src=\"\/\/www.youtube.com\/embed\/Zph0NLnA1ek?rel=0\" width=\"480\" height=\"360\" frameborder=\"0\" allowfullscreen=\"allowfullscreen\"><\/iframe><br \/>\nDiapositives de Marina Pajoni, <a href=\"http:\/\/www.stopauxviolencessexuelles.com\/wp-content\/uploads\/2015\/01\/11_SLIDE-2015-Assises-Nationales-Marina-Pajoni.pdf&quot;\" target=\"_blank\">le suivi des auteurs par le SPIP<\/a><br \/>\n<iframe src=\"\/\/www.youtube.com\/embed\/kd1_HCHTK-Y?rel=0\" width=\"480\" height=\"360\" frameborder=\"0\" allowfullscreen=\"allowfullscreen\"><\/iframe><br \/>\nDiapositives de Philippe Lacrosse,<a href=\"http:\/\/www.stopauxviolencessexuelles.com\/wp-content\/uploads\/2015\/01\/12_SLIDE-2015-Assises-Nationales-Philippe-Lacrosse.pdf\" target=\"_blank\"> les &#8220;limites&#8221; : r\u00e9f\u00e9rences ethniques, philosophiques et religieuses<\/a><br \/>\n<iframe src=\"\/\/www.youtube.com\/embed\/YKDOVfQOjI0?rel=0\" width=\"480\" height=\"360\" frameborder=\"0\" allowfullscreen=\"allowfullscreen\"><\/iframe><br \/>\nDiapositives de Sabine Seguin,<a href=\"http:\/\/www.stopauxviolencessexuelles.com\/wp-content\/uploads\/2015\/01\/16_SLIDE-2015-Assises-Nationales-Sabine-Seguin.pdf\" target=\"_blank\"> la r\u00e9paration du corps<\/a><br \/>\n<iframe src=\"\/\/www.youtube.com\/embed\/fRRBf8NaXe0?rel=0\" width=\"480\" height=\"360\" frameborder=\"0\" allowfullscreen=\"allowfullscreen\"><\/iframe><br \/>\nDiapositives de Violaine Gu\u00e9rin, <a href=\"http:\/\/www.stopauxviolencessexuelles.com\/wp-content\/uploads\/2015\/01\/17_SLIDE-2015-Assises-Nationales-Violaine-Gu\u00e9rin-2e-intervention.pdf\" target=\"_blank\">la r\u00e9paration du corps, atelier th\u00e9rapeutique escrime<\/a><br \/>\n<iframe src=\"\/\/www.youtube.com\/embed\/dIonPu5l8as?rel=0\" width=\"480\" height=\"360\" frameborder=\"0\" allowfullscreen=\"allowfullscreen\"><\/iframe><br \/>\nDiapositives de Lison Robichon-Bussi\u00e8re, <a href=\"http:\/\/www.stopauxviolencessexuelles.com\/wp-content\/uploads\/2015\/01\/18_SLIDE-2015-Assises-Nationales-Lison-Robichon-Bussi\u00e8re.pdf\" target=\"_blank\">la pr\u00e9vention en maternit\u00e9<\/a><br \/>\n<iframe src=\"\/\/www.youtube.com\/embed\/3u2vOnLGHoI?rel=0\" width=\"480\" height=\"360\" frameborder=\"0\" allowfullscreen=\"allowfullscreen\"><\/iframe><br \/>\nDiapositives de Nathalie Bouclier, <a href=\"http:\/\/www.stopauxviolencessexuelles.com\/wp-content\/uploads\/2015\/01\/19_SLIDE-2015-Assises-Nationales-Nathalie-Bouclier.pdf\" target=\"_blank\">pr\u00e9vention de la maternelle \u00e0 la terminale<\/a><br \/>\n<iframe src=\"\/\/www.youtube.com\/embed\/owKuKuTqRiQ?rel=0\" width=\"480\" height=\"360\" frameborder=\"0\" allowfullscreen=\"allowfullscreen\"><\/iframe><\/p>\n<p><a href=\"http:\/\/www.stopauxviolencessexuelles.com\/wp-content\/uploads\/2015\/01\/Messages-cl\u00e9-Assises-2015.pdf\" target=\"_blank\"><strong>Messages Cl\u00e9<\/strong><\/a><br \/>\n<a href=\"http:\/\/www.stopauxviolencessexuelles.com\/wp-content\/uploads\/2015\/01\/40-Sponsors.pdf\" target=\"_blank\"><strong>Sponsors<\/strong><\/a><br \/>\n<a href=\"http:\/\/www.stopauxviolencessexuelles.com\/wp-content\/uploads\/2015\/01\/50-Liste-Participants.pdf\" target=\"_blank\"><strong>Liste des inscrits<\/strong><\/a><br \/>\n<strong><a href=\"http:\/\/www.stopauxviolencessexuelles.com\/photos-et-videos-2\/\" target=\"_blank\">Photos<\/a><\/strong><br \/>\n<a href=\"http:\/\/www.stopauxviolencessexuelles.com\/wp-content\/uploads\/2015\/01\/70-Dossier-de-presse.pdf\" target=\"_blank\"><strong>Dossier de presse<\/strong><\/a><\/p>\n<p><strong>LE 13\/01<\/strong><\/p>\n<p>&#8211; Documents des ateliers<br \/>\nDiapositives de Violaine Gu\u00e9rin, <a href=\"http:\/\/www.stopauxviolencessexuelles.com\/wp-content\/uploads\/2015\/01\/Salle-2-_04-SLIDES-ASSISES-2015-Violences-faites-aux-hommes.pdf\" target=\"_blank\">les violences faites aux hommes<\/a><\/p>\n","protected":false},"excerpt":{"rendered":"<p>2\u00e8mes ASSISES NATIONALES SUR LES VIOLENCES SEXUELLES Programme Programme des Assises 2015 \u2013 Fran\u00e7ais Programme des Assises 2015 &#8211; Anglais Programme des Assises 2015 &#8211; Espagnol Programme des Assises 2015 &#8211; Allemand CV des intervenants LE 12\/01 Interventions Intervention de M. Guy Geoffroy Diapositives de Violaine Gu\u00e9rin, le chemin parcouru entre les deux Assises Diapositives [&hellip;]<\/p>\n","protected":false},"author":1,"featured_media":5,"parent":0,"menu_order":0,"comment_status":"closed","ping_status":"open","template":"","meta":[],"_links":{"self":[{"href":"https:\/\/www.stopauxviolencessexuelles.com\/us\/wp-json\/wp\/v2\/pages\/234"}],"collection":[{"href":"https:\/\/www.stopauxviolencessexuelles.com\/us\/wp-json\/wp\/v2\/pages"}],"about":[{"href":"https:\/\/www.stopauxviolencessexuelles.com\/us\/wp-json\/wp\/v2\/types\/page"}],"author":[{"embeddable":true,"href":"https:\/\/www.stopauxviolencessexuelles.com\/us\/wp-json\/wp\/v2\/users\/1"}],"replies":[{"embeddable":true,"href":"https:\/\/www.stopauxviolencessexuelles.com\/us\/wp-json\/wp\/v2\/comments?post=234"}],"version-history":[{"count":4,"href":"https:\/\/www.stopauxviolencessexuelles.com\/us\/wp-json\/wp\/v2\/pages\/234\/revisions"}],"predecessor-version":[{"id":294,"href":"https:\/\/www.stopauxviolencessexuelles.com\/us\/wp-json\/wp\/v2\/pages\/234\/revisions\/294"}],"wp:featuredmedia":[{"embeddable":true,"href":"https:\/\/www.stopauxviolencessexuelles.com\/us\/wp-json\/wp\/v2\/media\/5"}],"wp:attachment":[{"href":"https:\/\/www.stopauxviolencessexuelles.com\/us\/wp-json\/wp\/v2\/media?parent=234"}],"curies":[{"name":"wp","href":"https:\/\/api.w.org\/{rel}","templated":true}]}}