{"id":290,"date":"2016-02-28T23:25:47","date_gmt":"2016-02-28T22:25:47","guid":{"rendered":"http:\/\/www.stopauxviolencessexuelles.com\/us\/?page_id=290"},"modified":"2016-02-28T23:45:11","modified_gmt":"2016-02-28T22:45:11","slug":"conference-2016","status":"publish","type":"page","link":"https:\/\/www.stopauxviolencessexuelles.com\/us\/conference-2016\/","title":{"rendered":"Conference 2016"},"content":{"rendered":"<p><strong>3e ASSISES NATIONALES SUR LES VIOLENCES SEXUELLES<\/strong><\/p>\n<p><strong>Programme<br \/>\n<\/strong><a style=\"line-height: 1.71429; font-size: 1rem;\" href=\"http:\/\/www.stopauxviolencessexuelles.com\/wp-content\/uploads\/2015\/09\/PROGRAMME-ASSISES-2016_A_2707151.pdf\">Programme des Assises 2016 &#8211; Fran\u00e7ais<br \/>\n<\/a><a style=\"line-height: 1.71429; font-size: 1rem;\" href=\"http:\/\/www.stopauxviolencessexuelles.com\/wp-content\/uploads\/2015\/09\/PROGRAMME-ASSISES-2016_B_ENGLISH_271015.pdf\">Programme des Assises 2016 &#8211; Anglais<br \/>\n<\/a><a style=\"line-height: 1.71429; font-size: 1rem;\" href=\"http:\/\/www.stopauxviolencessexuelles.com\/wp-content\/uploads\/2015\/09\/PROGRAMME-ASSISES-2016_ESPAGNOL_0510151.pdf\">Programme des Assises 2016 &#8211; Espagnol<br \/>\n<\/a><a style=\"line-height: 1.71429; font-size: 1rem;\" href=\"http:\/\/www.stopauxviolencessexuelles.com\/wp-content\/uploads\/2015\/09\/PROGRAMME-ASSISES-2016_Allemand_051015.pdf\">Programme des Assises 2016 &#8211; Allemand<\/a><\/p>\n<p><strong><a href=\"http:\/\/www.stopauxviolencessexuelles.com\/wp-content\/uploads\/2015\/09\/cv-moderateur-orateurs-assises-2016.pdf\" target=\"_blank\">CV-des intervenants et mod\u00e9rateurs-assises 2016<\/a><br \/>\n<\/strong><\/p>\n<p><strong>Le 11\/01<\/strong><\/p>\n<p><strong>Interventions<\/strong><\/p>\n<p>Intervention de Madame l\u2019ancienne S\u00e9natrice Muguette Dini<br \/>\n<iframe src=\"https:\/\/www.youtube.com\/embed\/ohbFehBqEQY?rel=0\" width=\"640\" height=\"360\" frameborder=\"0\" allowfullscreen=\"allowfullscreen\"><\/iframe><\/p>\n<p>Intervention du Pr Christian Herv\u00e9,<br \/>\nrenforcement de la recherche &amp; formation des professionnels<br \/>\n<iframe src=\"https:\/\/www.youtube.com\/embed\/dvwS-kSRAzQ?rel=0\" width=\"640\" height=\"360\" frameborder=\"0\" allowfullscreen=\"allowfullscreen\"><\/iframe><\/p>\n<p>Diapositives du Dr Violaine Gu\u00e9rin,<br \/>\n<a title=\"le chemin parcouru entre les deux Assises\" href=\"http:\/\/www.stopauxviolencessexuelles.com\/wp-content\/uploads\/2016\/01\/04_SLIDES-2016-Assises-Nationales-Pleniere-Violaine-Guerin-1e-intervention.pdf\" target=\"_blank\">le chemin parcouru entre les deux Assises<\/a><br \/>\n<iframe src=\"https:\/\/www.youtube.com\/embed\/IH9oQc-hx3w?rel=0\" width=\"640\" height=\"360\" frameborder=\"0\" allowfullscreen=\"allowfullscreen\"><\/iframe><\/p>\n<p>Diapositives du Pr Louis Jehel et du Dr Anne C\u00e9cile Petit,<br \/>\n<a title=\"Epig\u00e9n\u00e9tique et violences sexuelles\" href=\"http:\/\/www.stopauxviolencessexuelles.com\/wp-content\/uploads\/2016\/01\/05_SLIDES-2016-Assises-Nationales-Pleniere-Louis-Jehel-Anne-Cecile-Petit.pdf\" target=\"_blank\">\u00e9pig\u00e9n\u00e9tique et violences sexuelles<\/a><br \/>\n<iframe src=\"https:\/\/www.youtube.com\/embed\/AUnPkUmp3XU?rel=0\" width=\"640\" height=\"360\" frameborder=\"0\" allowfullscreen=\"allowfullscreen\"><\/iframe><\/p>\n<p>Diapositives du Dr Nathalie Regensberg de Andreis,<br \/>\n<a title=\"Cons\u00e9quences des violences sexuelles, le d\u00e9pistage par les soignants\" href=\"http:\/\/http:\/\/www.stopauxviolencessexuelles.com\/wp-content\/uploads\/2016\/01\/06_SLIDES-2016-Assises-Nationales-Pleniere-Nathalie-Regensberg.pdf\" target=\"_blank\">cons\u00e9quences des violences sexuelles, le d\u00e9pistage par les soignants<\/a><br \/>\n<iframe src=\"https:\/\/www.youtube.com\/embed\/U_iviEM_mIk?rel=0\" width=\"640\" height=\"360\" frameborder=\"0\" allowfullscreen=\"allowfullscreen\"><\/iframe><\/p>\n<p>Diapositives du Dr Jean-Louis Thomas,<br \/>\n<a title=\"Etude \u00e9pid\u00e9miologique SVS14-01\" href=\"http:\/\/www.stopauxviolencessexuelles.com\/wp-content\/uploads\/2016\/01\/09_SLIDES-2016-Assises-Nationales-Pleniere-Jean-Louis-Thomas.pdf\" target=\"_blank\">\u00e9tude \u00e9pid\u00e9miologique SVS14-01,<\/a><br \/>\ncomplications m\u00e9dicales chroniques des violences sexuelles<br \/>\n<iframe src=\"https:\/\/www.youtube.com\/embed\/KLqoSeywUNE?rel=0\" width=\"640\" height=\"360\" frameborder=\"0\" allowfullscreen=\"allowfullscreen\"><\/iframe><\/p>\n<p>Diapositives du Dr Pierre L\u00e9vy,<br \/>\n<a title=\"D\u00e9pistage des violences sexuelles, dyades et triades diagnostiques\" href=\"http:\/\/www.stopauxviolencessexuelles.com\/wp-content\/uploads\/2016\/01\/10_SLIDES-2016-Assises-Nationales-Pleniere-Pierre-Levy3.pdf\" target=\"_blank\">d\u00e9pistage des violences sexuelles, dyades et triades diagnostiques<\/a><br \/>\n<iframe src=\"https:\/\/www.youtube.com\/embed\/JX6nLsdULGs?rel=0\" width=\"640\" height=\"360\" frameborder=\"0\" allowfullscreen=\"allowfullscreen\"><\/iframe><\/p>\n<p>Diapositives du Pr Francine Lavoie,<br \/>\n<a title=\"Pr\u00e9vzntion des violences sexuelles, vingt ans d'exp\u00e9rience qu\u00e9b\u00e9coise\" href=\"http:\/\/www.stopauxviolencessexuelles.com\/wp-content\/uploads\/2016\/01\/11_SLIDES-2016-Assises-Nationales-Pleniere-Francine-Lavoie.pdf\" target=\"_blank\">pr\u00e9vention des violences sexuelles, vingt ans d&#8217;exp\u00e9rience qu\u00e9b\u00e9coise<\/a><br \/>\n<iframe src=\"https:\/\/www.youtube.com\/embed\/7zXymOhmwPE?rel=0\" width=\"640\" height=\"360\" frameborder=\"0\" allowfullscreen=\"allowfullscreen\"><\/iframe><\/p>\n<p>Intervention de Sally Messio, le film<br \/>\n<iframe width=\"640\" height=\"360\" src=\"https:\/\/www.youtube.com\/embed\/Lpb0xW1xmD0?rel=0\" frameborder=\"0\" allowfullscreen><\/iframe><\/p>\n<p>Diapositives du Pr Newton Howard,<br \/>\n<a title=\"Risques sur les r\u00e9seaux sociaux, mod\u00e9lisation d'un d\u00e9pistage\" href=\"http:\/\/www.stopauxviolencessexuelles.com\/wp-content\/uploads\/2016\/01\/15_SLIDES-2016-Assises-Nationales-Pleniere-Newton-Howard.pdf\" target=\"_blank\">risques sur les r\u00e9seaux sociaux, mod\u00e9lisation d&#8217;un d\u00e9pistage<\/a><br \/>\n<iframe src=\"https:\/\/www.youtube.com\/embed\/wxJV4PKR2OU?rel=0\" width=\"640\" height=\"360\" frameborder=\"0\" allowfullscreen=\"allowfullscreen\"><\/iframe><\/p>\n<p>Diapositives de Marielle Vicet, <a title=\"Violences sexuelles en institution\" href=\"http:\/\/www.stopauxviolencessexuelles.com\/wp-content\/uploads\/2016\/01\/16_SLIDES-2016-Assises-Nationales-Pleniere-Marielle-Vicet.pdf\" target=\"_blank\">violences sexuelles en institution<\/a><br \/>\n<iframe src=\"https:\/\/www.youtube.com\/embed\/yxbLeWXunNw?rel=0\" width=\"640\" height=\"360\" frameborder=\"0\" allowfullscreen=\"allowfullscreen\"><\/iframe><\/p>\n<p>Diapositives du Dr Violaine Gu\u00e9rin,<br \/>\n<a title=\"Le soin des auteurs anciennes victimes\" href=\"http:\/\/www.stopauxviolencessexuelles.com\/wp-content\/uploads\/2016\/01\/18_SLIDES-2016-Assises-Nationales-Pleniere-Violaine-Guerin-2e-intervention.pdf\" target=\"_blank\">le soin des auteurs anciennes victimes<\/a><br \/>\n<iframe src=\"https:\/\/www.youtube.com\/embed\/RourxsJA8QQ?rel=0\" width=\"640\" height=\"360\" frameborder=\"0\" allowfullscreen=\"allowfullscreen\"><\/iframe><\/p>\n<p><strong><a href=\"http:\/\/www.stopauxviolencessexuelles.com\/wp-content\/uploads\/2016\/01\/SVS-Assises-Nationales-2016-messages-cles.pdf\" target=\"_blank\">Messages cl\u00e9<\/a><\/strong><br \/>\n<strong> <a href=\"http:\/\/www.stopauxviolencessexuelles.com\/wp-content\/uploads\/2016\/01\/SVS-Assises-Nationales-2016-sponsors.pdf\" target=\"_blank\">Sponsors<\/a><\/strong><br \/>\n<a href=\"http:\/\/www.stopauxviolencessexuelles.com\/wp-content\/uploads\/2016\/01\/SVS-Assises-Nationales-2016-liste-participants-pour-impression-diffusion.pdf\" target=\"_blank\"><strong> Liste des inscrits<\/strong><\/a><br \/>\n<a href=\"http:\/\/www.stopauxviolencessexuelles.com\/photos-et-videos-2\/\" target=\"_blank\"><strong> Photos<\/strong><\/a><br \/>\n<a href=\"http:\/\/www.stopauxviolencessexuelles.com\/wp-content\/uploads\/2016\/01\/SVS-Assises-Nationales-2016-dossier-presse.pdf\" target=\"_blank\"><strong> Dossier de presse<\/strong><\/a><\/p>\n<p><strong>Le 12\/01<\/strong><\/p>\n<p>&#8211; Documents des ateliers<\/p>\n<p class=\"p1\"><span class=\"s1\"><a href=\"http:\/\/www.stopauxviolencessexuelles.com\/wp-content\/uploads\/2016\/01\/SVS-Assises-Nationales-2016-atelier-gestes-diagnostiques-CR.pdf\" target=\"_blank\">Compte-rendu de l&#8217;atelier Evaluation des gestes diagnostiques,<\/a><br \/>\nsynth\u00e8se Dr Nathalie Regensberg de Andreis<\/span><\/p>\n","protected":false},"excerpt":{"rendered":"<p>3e ASSISES NATIONALES SUR LES VIOLENCES SEXUELLES Programme Programme des Assises 2016 &#8211; Fran\u00e7ais Programme des Assises 2016 &#8211; Anglais Programme des Assises 2016 &#8211; Espagnol Programme des Assises 2016 &#8211; Allemand CV-des intervenants et mod\u00e9rateurs-assises 2016 Le 11\/01 Interventions Intervention de Madame l\u2019ancienne S\u00e9natrice Muguette Dini Intervention du Pr Christian Herv\u00e9, renforcement de la [&hellip;]<\/p>\n","protected":false},"author":5,"featured_media":5,"parent":0,"menu_order":0,"comment_status":"closed","ping_status":"open","template":"","meta":[],"_links":{"self":[{"href":"https:\/\/www.stopauxviolencessexuelles.com\/us\/wp-json\/wp\/v2\/pages\/290"}],"collection":[{"href":"https:\/\/www.stopauxviolencessexuelles.com\/us\/wp-json\/wp\/v2\/pages"}],"about":[{"href":"https:\/\/www.stopauxviolencessexuelles.com\/us\/wp-json\/wp\/v2\/types\/page"}],"author":[{"embeddable":true,"href":"https:\/\/www.stopauxviolencessexuelles.com\/us\/wp-json\/wp\/v2\/users\/5"}],"replies":[{"embeddable":true,"href":"https:\/\/www.stopauxviolencessexuelles.com\/us\/wp-json\/wp\/v2\/comments?post=290"}],"version-history":[{"count":1,"href":"https:\/\/www.stopauxviolencessexuelles.com\/us\/wp-json\/wp\/v2\/pages\/290\/revisions"}],"predecessor-version":[{"id":291,"href":"https:\/\/www.stopauxviolencessexuelles.com\/us\/wp-json\/wp\/v2\/pages\/290\/revisions\/291"}],"wp:featuredmedia":[{"embeddable":true,"href":"https:\/\/www.stopauxviolencessexuelles.com\/us\/wp-json\/wp\/v2\/media\/5"}],"wp:attachment":[{"href":"https:\/\/www.stopauxviolencessexuelles.com\/us\/wp-json\/wp\/v2\/media?parent=290"}],"curies":[{"name":"wp","href":"https:\/\/api.w.org\/{rel}","templated":true}]}}