{"id":400,"date":"2016-06-21T09:23:45","date_gmt":"2016-06-21T08:23:45","guid":{"rendered":"http:\/\/www.stopauxviolencessexuelles.com\/us\/?page_id=400"},"modified":"2017-06-13T07:13:29","modified_gmt":"2017-06-13T06:13:29","slug":"conference-2017","status":"publish","type":"page","link":"https:\/\/www.stopauxviolencessexuelles.com\/us\/conference-2017\/","title":{"rendered":"Conference 2017"},"content":{"rendered":"<h1><span id=\"result_box\" class=\"\" lang=\"en\">The 4th National Conference<br \/>\n<span class=\"\">took place in Paris on January 9th and 10th 2017<\/span><\/span>.<\/h1>\n<p class=\"p1\"><a href=\"\/wp-content\/assises2017\/16_slides_2017_assises_nationales-pleniere-reponses-des-presidentiables.pdf\" target=\"_blank\" rel=\"noopener noreferrer\"><img loading=\"lazy\" class=\"alignnone size-full wp-image-2993\" src=\"http:\/\/www.stopauxviolencessexuelles.com\/wp-content\/uploads\/2016\/06\/application-pdf.png\" alt=\"application-pdf\" width=\"32\" height=\"32\" \/> <\/a><a href=\"http:\/\/www.stopauxviolencessexuelles.com\/wp-content\/uploads\/2017\/02\/16_SLIDES_2017_assises_nationales_pleniere_reponses_des_presidentiables-2.pdf\" target=\"_blank\" rel=\"noopener noreferrer\">Consultez les r\u00e9ponses<\/a> des pr\u00e9sidentiables sur le sujet de la prescription pour les agressions sexuelles sur mineurs<\/p>\n<p><iframe src=\"https:\/\/www.youtube.com\/embed\/FuuntXgKaH8?rel=0\" width=\"640\" height=\"360\" frameborder=\"0\" allowfullscreen=\"allowfullscreen\"><\/iframe><\/p>\n<p class=\"p1\">Muguette Dini et Violaine Gu\u00e9rin \u00e9taient invit\u00e9es sur LCP pour l&#8217;\u00e9mission Ca vous regarde, anim\u00e9e par Arnaud Ardoin : <a href=\"http:\/\/www.lcp.fr\/emissions\/ca-vous-regarde\/279288-ca-vous-regarde\" target=\"_blank\" rel=\"noopener noreferrer\">http:\/\/www.lcp.fr\/emissions\/ca-vous-regarde\/279288-ca-vous-regarde<\/a><\/p>\n<p><span id=\"result_box\" class=\"short_text\" lang=\"en\"><span class=\"\">Program of the 4th National Conference (2017)<\/span><\/span> &#8211; <a href=\"http:\/\/www.stopauxviolencessexuelles.com\/wp-content\/uploads\/2017\/01\/PROGRAMME-ASSISES-2017-fr_K_170106.pdf\" target=\"_blank\" rel=\"noopener noreferrer\">in french<\/a><a href=\"http:\/\/www.stopauxviolencessexuelles.com\/wp-content\/uploads\/2016\/07\/PROGRAMME-ASSISES-2017-fr_G_160707.pdf\" target=\"_blank\" rel=\"noopener noreferrer\"><br \/>\n<\/a><span id=\"result_box\" class=\"short_text\" lang=\"en\"><span class=\"\">Program of the 4th National Conference (2017)<\/span><\/span>&#8211; <a href=\"http:\/\/www.stopauxviolencessexuelles.com\/wp-content\/uploads\/2016\/10\/PROGRAMME-ASSISES-2017-DE_D_161010.pdf\" target=\"_blank\" rel=\"noopener noreferrer\">in german<br \/>\n<\/a><span id=\"result_box\" class=\"short_text\" lang=\"en\"><span class=\"\">Program of the 4th National Conference (2017)<\/span><\/span> &#8211; <a href=\"http:\/\/www.stopauxviolencessexuelles.com\/wp-content\/uploads\/2016\/11\/PROGRAMME-ASSISES-2017-Es_A_161130.pdf\" target=\"_blank\" rel=\"noopener noreferrer\">in spanish<br \/>\n<\/a><span id=\"result_box\" class=\"short_text\" lang=\"en\"><span class=\"\">Program of the 4th National Conference (2017)<\/span><\/span> &#8211; <a href=\"http:\/\/www.stopauxviolencessexuelles.com\/wp-content\/uploads\/2016\/12\/PROGRAMME-ASSISES-2017-EN_A_161213.pdf\" target=\"_blank\" rel=\"noopener noreferrer\">in english<\/a><\/p>\n<p><strong><a href=\"http:\/\/www.stopauxviolencessexuelles.com\/wp-content\/uploads\/2016\/10\/20161005-CV-assises-2017-web-.pdf\" target=\"_blank\" rel=\"noopener noreferrer\">CV des intervenants et mod\u00e9rateurs-assises 2017<\/a><\/strong><\/p>\n<p><strong>Le 9\/01<\/strong><\/p>\n<p><strong>Interventions<\/strong><\/p>\n<p>Intervention de Monsieur le D\u00e9put\u00e9 Guy Geoffroy<br \/>\n<iframe src=\"https:\/\/www.youtube.com\/embed\/e6gH3b10w9k?rel=0\" width=\"640\" height=\"360\" frameborder=\"0\" allowfullscreen=\"allowfullscreen\"><\/iframe><\/p>\n<p><a href=\"http:\/\/www.stopauxviolencessexuelles.com\/wp-content\/uploads\/2017\/01\/02bis_Te%CC%81moignages-recus-par-Andre%CC%81a-Bescond.pdf\" target=\"_blank\" rel=\"noopener noreferrer\">T\u00e9moignages<\/a> d&#8217;Andr\u00e9a Bescond<br \/>\nFilm de pr\u00e9sentation d&#8217;Adr\u00e9a Bescond<br \/>\n<iframe src=\"https:\/\/www.youtube.com\/embed\/Z5biRgmWX-s?rel=0\" width=\"640\" height=\"360\" frameborder=\"0\" allowfullscreen=\"allowfullscreen\"><\/iframe><\/p>\n<p>Diapositives du Dr Violaine Gu\u00e9rin<br \/>\n<a href=\"http:\/\/www.stopauxviolencessexuelles.com\/wp-content\/uploads\/2017\/01\/04_SLIDES_2017_assises_nationales_pleniere_violaine_guerin_1ere_intervention.pdf\" target=\"_blank\" rel=\"noopener noreferrer\">Le chemin parcouru entre les deux Assises<\/a><br \/>\n<iframe src=\"https:\/\/www.youtube.com\/embed\/QearYJ2qLgE?rel=0\" width=\"640\" height=\"360\" frameborder=\"0\" allowfullscreen=\"allowfullscreen\"><\/iframe><\/p>\n<p>Diapositives de Willy Belhassen<br \/>\n<a href=\"http:\/\/www.stopauxviolencessexuelles.com\/wp-content\/uploads\/2017\/01\/05_SLIDES_2017_assises_nationales_pleniere_willy_belhassen.pdf\" target=\"_blank\" rel=\"noopener noreferrer\">Eradiquer la violence d\u00e8s la conception de l\u2019enfant, parce que tout commence l\u00e0 &#8230;<\/a><br \/>\n<iframe src=\"https:\/\/www.youtube.com\/embed\/17JfUPAdsoM?rel=0\" width=\"640\" height=\"360\" frameborder=\"0\" allowfullscreen=\"allowfullscreen\"><\/iframe><\/p>\n<p>Diapositives d&#8217;Alexandre Dussot-Hezez<br \/>\n<a href=\"http:\/\/www.stopauxviolencessexuelles.com\/wp-content\/uploads\/2017\/01\/06_SLIDES_2017_assises_nationales_pleniere_alexandre_Hezez.pdf\" target=\"_blank\" rel=\"noopener noreferrer\">La parole lib\u00e9r\u00e9e &#8230; Difficilement entendable, la parole lib\u00e9r\u00e9e .. qui lib\u00e8re la parole<\/a><br \/>\n<iframe src=\"https:\/\/www.youtube.com\/embed\/rZ5UogN1JWM?rel=0\" width=\"640\" height=\"360\" frameborder=\"0\" allowfullscreen=\"allowfullscreen\"><\/iframe><\/p>\n<p>Diapositives du Professeur Anne-Claude Ambroise-Rendu<br \/>\n<a href=\"http:\/\/www.stopauxviolencessexuelles.com\/wp-content\/uploads\/2017\/01\/09_SLIDES_2017_assises_nationales_pleniere_anne-claude_ambroise-rendu.pdf\" target=\"_blank\" rel=\"noopener noreferrer\">Violences sexuelles faites aux enfants, synth\u00e8se historique et perceptions dans le temps<\/a><br \/>\n<iframe src=\"https:\/\/www.youtube.com\/embed\/ugUIG7MaYaQ?rel=0\" width=\"640\" height=\"360\" frameborder=\"0\" allowfullscreen=\"allowfullscreen\"><\/iframe><\/p>\n<p>Diapositives du Dr Marie-Laure Gamet<br \/>\n<a href=\"http:\/\/www.stopauxviolencessexuelles.com\/wp-content\/uploads\/2017\/01\/10-SLIDES_2017_assises_nationales_pleniere_marie-laure_gamet.pdf\" target=\"_blank\" rel=\"noopener noreferrer\">De l&#8217;importance de la sexologie sur le sujet des violences sexuelles<\/a><br \/>\n<iframe src=\"https:\/\/www.youtube.com\/embed\/yIFg9uIqaw8?rel=0\" width=\"640\" height=\"360\" frameborder=\"0\" allowfullscreen=\"allowfullscreen\"><\/iframe><\/p>\n<p>Diapositives de St\u00e9phanie Mouclier<br \/>\n<a href=\"http:\/\/www.stopauxviolencessexuelles.com\/wp-content\/uploads\/2017\/01\/11_SLIDES_2017_assises_nationales_pleniere_stephanie-mouclier.pdf\" target=\"_blank\" rel=\"noopener noreferrer\">Gestion de crise en milieu scolaire<\/a><br \/>\n<iframe src=\"https:\/\/www.youtube.com\/embed\/vQdARGd3Oew?rel=0\" width=\"640\" height=\"360\" frameborder=\"0\" allowfullscreen=\"allowfullscreen\"><\/iframe><\/p>\n<p>Diapositives de Nathalie Dupin<br \/>\n<a href=\"http:\/\/www.stopauxviolencessexuelles.com\/wp-content\/uploads\/2017\/01\/12_SLIDES_2017_assises_nationales_pleniere_nathalie_dupin.pdf\" target=\"_blank\" rel=\"noopener noreferrer\">Pr\u00e9vention des violences sexuelles au lyc\u00e9e<\/a><br \/>\n<iframe src=\"https:\/\/www.youtube.com\/embed\/jmTPo-i80fU?rel=0\" width=\"640\" height=\"360\" frameborder=\"0\" allowfullscreen=\"allowfullscreen\"><\/iframe><\/p>\n<p>Diapositives de Madame la S\u00e9natrice Michelle Meunier et<br \/>\nMonsieur le S\u00e9nateur et Dr Alain Houpert<br \/>\n<a href=\"http:\/\/www.stopauxviolencessexuelles.com\/wp-content\/uploads\/2017\/01\/17_SLIDES_2017_assises_nationales_pleniere_alain_houpert-michelle_meunier.pdf\" target=\"_blank\" rel=\"noopener noreferrer\">Banalisation de la violence sexuelle par le monde politique<\/a><br \/>\n<iframe src=\"https:\/\/www.youtube.com\/embed\/ul0-UG-Uwas?rel=0\" width=\"640\" height=\"360\" frameborder=\"0\" allowfullscreen=\"allowfullscreen\"><\/iframe><\/p>\n<p>Diapositives du Professeur Martine H\u00e9bert<br \/>\n<a href=\"http:\/\/www.stopauxviolencessexuelles.com\/wp-content\/uploads\/2017\/01\/18_SLIDES_2017_assises_nationales_pleniere_martine_hebert.pdf\" target=\"_blank\" rel=\"noopener noreferrer\">R\u00e9sultats de l&#8217;enqu\u00eate parcours amoureux des jeunes (PAJ)<\/a><br \/>\n<iframe src=\"https:\/\/www.youtube.com\/embed\/yEuIAwhB4Zk?rel=0\" width=\"640\" height=\"360\" frameborder=\"0\" allowfullscreen=\"allowfullscreen\"><\/iframe><\/p>\n<p>Diapositives du Dr Pierre Genton<br \/>\n<a href=\"http:\/\/www.stopauxviolencessexuelles.com\/wp-content\/uploads\/2017\/01\/19_SLIDES-2017_assises_nationales_pleniere-pierre_genton.pdf\" target=\"_blank\" rel=\"noopener noreferrer\">Traumatismes sexuels et \u00e9pilepsies<\/a><br \/>\n<iframe src=\"https:\/\/www.youtube.com\/embed\/ksnx_V-IVdY?rel=0\" width=\"640\" height=\"360\" frameborder=\"0\" allowfullscreen=\"allowfullscreen\"><\/iframe><\/p>\n<p>Diapositives du Dr Violaine Gu\u00e9rin<br \/>\n<a href=\"http:\/\/www.stopauxviolencessexuelles.com\/wp-content\/uploads\/2017\/01\/22_SSLIDES_2017_assises_nationales_pleniere_violaine_guerin-2e-intervention.pdf\" target=\"_blank\" rel=\"noopener noreferrer\">St\u00e9rilit\u00e9, PMA et violences sexuelles<\/a><br \/>\n<iframe src=\"https:\/\/www.youtube.com\/embed\/1pDDEb839a8?rel=0\" width=\"640\" height=\"360\" frameborder=\"0\" allowfullscreen=\"allowfullscreen\"><\/iframe><\/p>\n<p>Diapositives du Dr Mathieu Lacambre<br \/>\n<a href=\"http:\/\/www.stopauxviolencessexuelles.com\/wp-content\/uploads\/2017\/01\/23_SLIDES_2017_assises_nationales_pleniere-mathieu_lacambre.pdf\" target=\"_blank\" rel=\"noopener noreferrer\">Les CRIAVS en 2017<\/a><br \/>\n<iframe src=\"https:\/\/www.youtube.com\/embed\/54IOoF1gFW8?rel=0\" width=\"640\" height=\"360\" frameborder=\"0\" allowfullscreen=\"allowfullscreen\"><\/iframe><\/p>\n<p>Diapositives de Florence Tilkens<br \/>\n<a href=\"http:\/\/www.stopauxviolencessexuelles.com\/wp-content\/uploads\/2017\/01\/24_SLIDES_2017_assises_nationales_pleniere-florence_tilkens.pdf\" target=\"_blank\" rel=\"noopener noreferrer\">Spread the world into the world<\/a><br \/>\n<iframe src=\"https:\/\/www.youtube.com\/embed\/S3-7CujG1fQ?rel=0\" width=\"640\" height=\"360\" frameborder=\"0\" allowfullscreen=\"allowfullscreen\"><\/iframe><\/p>\n<p><strong><a href=\"http:\/\/www.stopauxviolencessexuelles.com\/wp-content\/uploads\/2017\/01\/MESSAGES-CLES-2017.pdf\" target=\"_blank\" rel=\"noopener noreferrer\">Messages cl\u00e9<\/a><br \/>\n<\/strong><strong><a href=\"http:\/\/www.stopauxviolencessexuelles.com\/wp-content\/uploads\/2017\/01\/sponsors-SVS-ASSISES-2017.pdf\" target=\"_blank\" rel=\"noopener noreferrer\">Sponsors<\/a><br \/>\n<a href=\"http:\/\/www.stopauxviolencessexuelles.com\/wp-content\/uploads\/2017\/01\/Liste-des-PARTICIPANTS-ASSISES-2017.pdf\" target=\"_blank\" rel=\"noopener noreferrer\">Liste des participants<\/a><\/strong><br \/>\n<a href=\"http:\/\/www.stopauxviolencessexuelles.com\/wp-content\/uploads\/2017\/01\/assises-svs_2017_dossier_de_presse_161003.pdf\" target=\"_blank\" rel=\"noopener noreferrer\"><strong>Dossier de presse<\/strong><\/a><\/p>\n<p><strong>ASSISES 2017 &#8211; LES VIDEOS<\/strong><\/p>\n<p><strong>Andr\u00e9a Bescond<\/strong><br \/>\n<em>Actrice<\/em><br \/>\n<iframe src=\"https:\/\/www.youtube.com\/embed\/8jsYsv-N6Iw?rel=0\" width=\"640\" height=\"360\" frameborder=\"0\" allowfullscreen=\"allowfullscreen\"><\/iframe><\/p>\n<p><strong>Willy Belhassen<br \/>\n<\/strong><em>Sage femme<\/em><br \/>\n<iframe src=\"https:\/\/www.youtube.com\/embed\/-SeyqWoUyEE?rel=0\" width=\"640\" height=\"360\" frameborder=\"0\" allowfullscreen=\"allowfullscreen\"><\/iframe><\/p>\n<p><strong>Anne-Claude Ambroise-Rendu<\/strong><br \/>\n<em>Professeure d&#8217;Histoire Contemporaine<\/em><br \/>\n<iframe src=\"https:\/\/www.youtube.com\/embed\/N41nysQ3ED0?rel=0\" width=\"640\" height=\"360\" frameborder=\"0\" allowfullscreen=\"allowfullscreen\"><\/iframe><\/p>\n<p><strong>Alexandre Dussot-Hezez<\/strong><br \/>\n<em>Co-fondateur de l&#8217;Association La Parole Lib\u00e9r\u00e9e<\/em><br \/>\n<iframe src=\"https:\/\/www.youtube.com\/embed\/fyAvO2qRzUg?rel=0\" width=\"640\" height=\"360\" frameborder=\"0\" allowfullscreen=\"allowfullscreen\"><\/iframe><\/p>\n<p><strong>Martine H\u00e9bert<\/strong><br \/>\n<em>Professeur<\/em><br \/>\n<iframe src=\"https:\/\/www.youtube.com\/embed\/JfJZNNDjbFw?rel=0\" width=\"640\" height=\"360\" frameborder=\"0\" allowfullscreen=\"allowfullscreen\"><\/iframe><\/p>\n<p><strong>Pierre Genton<\/strong><br \/>\n<em>Docteur<\/em><br \/>\n<iframe src=\"https:\/\/www.youtube.com\/embed\/6kNm_tpKZlU?rel=0\" width=\"640\" height=\"360\" frameborder=\"0\" allowfullscreen=\"allowfullscreen\"><\/iframe><\/p>\n<p><strong style=\"line-height: 1.71429; font-size: 1rem;\">Simone Sabati\u00e9<br \/>\n<\/strong><em>Th\u00e9rapeute psycho-corporelle<\/em><br \/>\n<iframe src=\"https:\/\/www.youtube.com\/embed\/6Mbs1nkHdAU?rel=0\" width=\"640\" height=\"360\" frameborder=\"0\" allowfullscreen=\"allowfullscreen\"><\/iframe><\/p>\n<p><strong>St\u00e9phanie Mouclier<\/strong><br \/>\n<em>Conseill\u00e8re Conjugale et Familiale<\/em><br \/>\n<iframe src=\"https:\/\/www.youtube.com\/embed\/1DF09hrDS1I?rel=0\" width=\"640\" height=\"360\" frameborder=\"0\" allowfullscreen=\"allowfullscreen\"><\/iframe><\/p>\n","protected":false},"excerpt":{"rendered":"<p>The 4th National Conference took place in Paris on January 9th and 10th 2017. Consultez les r\u00e9ponses des pr\u00e9sidentiables sur le sujet de la prescription pour les agressions sexuelles sur mineurs Muguette Dini et Violaine Gu\u00e9rin \u00e9taient invit\u00e9es sur LCP pour l&#8217;\u00e9mission Ca vous regarde, anim\u00e9e par Arnaud Ardoin : http:\/\/www.lcp.fr\/emissions\/ca-vous-regarde\/279288-ca-vous-regarde Program of the 4th [&hellip;]<\/p>\n","protected":false},"author":5,"featured_media":5,"parent":0,"menu_order":0,"comment_status":"closed","ping_status":"open","template":"","meta":[],"_links":{"self":[{"href":"https:\/\/www.stopauxviolencessexuelles.com\/us\/wp-json\/wp\/v2\/pages\/400"}],"collection":[{"href":"https:\/\/www.stopauxviolencessexuelles.com\/us\/wp-json\/wp\/v2\/pages"}],"about":[{"href":"https:\/\/www.stopauxviolencessexuelles.com\/us\/wp-json\/wp\/v2\/types\/page"}],"author":[{"embeddable":true,"href":"https:\/\/www.stopauxviolencessexuelles.com\/us\/wp-json\/wp\/v2\/users\/5"}],"replies":[{"embeddable":true,"href":"https:\/\/www.stopauxviolencessexuelles.com\/us\/wp-json\/wp\/v2\/comments?post=400"}],"version-history":[{"count":8,"href":"https:\/\/www.stopauxviolencessexuelles.com\/us\/wp-json\/wp\/v2\/pages\/400\/revisions"}],"predecessor-version":[{"id":523,"href":"https:\/\/www.stopauxviolencessexuelles.com\/us\/wp-json\/wp\/v2\/pages\/400\/revisions\/523"}],"wp:featuredmedia":[{"embeddable":true,"href":"https:\/\/www.stopauxviolencessexuelles.com\/us\/wp-json\/wp\/v2\/media\/5"}],"wp:attachment":[{"href":"https:\/\/www.stopauxviolencessexuelles.com\/us\/wp-json\/wp\/v2\/media?parent=400"}],"curies":[{"name":"wp","href":"https:\/\/api.w.org\/{rel}","templated":true}]}}