{"id":528,"date":"2017-07-03T08:52:07","date_gmt":"2017-07-03T07:52:07","guid":{"rendered":"http:\/\/www.stopauxviolencessexuelles.com\/us\/?page_id=528"},"modified":"2018-02-03T09:36:04","modified_gmt":"2018-02-03T08:36:04","slug":"conference-2018","status":"publish","type":"page","link":"https:\/\/www.stopauxviolencessexuelles.com\/us\/conference-2018\/","title":{"rendered":"Conference 2018"},"content":{"rendered":"<h2 class=\"container\">The 5th National Conference<br \/>\ntook place in Paris on January 8th and 9th 2018<\/h2>\n<p><strong>Le 8\/1<\/strong><\/p>\n<p class=\"p1\">Program of the 5th Conference (2018) \u2013\u00a0<a href=\"http:\/\/www.stopauxviolencessexuelles.com\/wp-content\/uploads\/2017\/08\/PROGRAMME-ASSISES-2018-fr_H_170809.pdf\" target=\"_blank\" rel=\"noopener noreferrer\">in french<br \/>\n<\/a>Program of the 5th Conference (2018) \u2013\u00a0<a href=\"http:\/\/www.stopauxviolencessexuelles.com\/wp-content\/uploads\/2017\/10\/PROGRAMME-ASSISES-2018-anglais_A_171021.pdf\" target=\"_blank\" rel=\"noopener\">in english<\/a><br \/>\nProgram of the des 5th Conference (2018) \u2013\u00a0<a href=\"http:\/\/www.stopauxviolencessexuelles.com\/wp-content\/uploads\/2017\/10\/PROGRAMME-ASSISES-2018-allemand_B_171012.pdf\" target=\"_blank\" rel=\"noopener\">in german<br \/>\n<\/a>Program of the 5th Conference (2018) \u2013\u00a0<a href=\"http:\/\/www.stopauxviolencessexuelles.com\/wp-content\/uploads\/2017\/11\/PROGRAMME-ASSISES-2018-espagnol_G_171116.pdf\" target=\"_blank\" rel=\"noopener\">in spanish<\/a><a href=\"http:\/\/www.stopauxviolencessexuelles.com\/wp-content\/uploads\/2017\/11\/PROGRAMME-ASSISES-2018-espagnol_F_171023.pdf\" target=\"_blank\" rel=\"noopener\"><br \/>\n<\/a>Program of the 5th Conference \u2013\u00a0<a href=\"http:\/\/www.stopauxviolencessexuelles.com\/wp-content\/uploads\/2017\/10\/PROGRAMME-ASSISES-2018-portugais_A_171021.pdf\" target=\"_blank\" rel=\"noopener\">in portuguese<br \/>\n<\/a>Program of the 5th Conference (2018) \u2013\u00a0<a href=\"http:\/\/www.stopauxviolencessexuelles.com\/wp-content\/uploads\/2017\/11\/PROGRAMME-ASSISES-2018-russe_B_171116.pdf\" target=\"_blank\" rel=\"noopener\">en in russian<\/a><\/p>\n<p><a href=\"http:\/\/www.stopauxviolencessexuelles.com\/wp-content\/uploads\/2017\/11\/20170807CV-assises-2018-C.pdf\" target=\"_blank\" rel=\"noopener\"><strong>CV of speakers and moderators<\/strong><\/a><\/p>\n<p><strong>Interventions<\/strong><\/p>\n<p>Intervention de Monsieur le S\u00e9nateur et Dr Alain Houpert<br \/>\n<iframe src=\"https:\/\/www.youtube.com\/embed\/EAoXUosCjsE\" width=\"640\" height=\"360\" frameborder=\"0\" allowfullscreen=\"allowfullscreen\"><\/iframe><\/p>\n<p>Diapositives du Dr Violaine Gu\u00e9rin<br \/>\n<a href=\"http:\/\/www.stopauxviolencessexuelles.com\/wp-content\/uploads\/2018\/01\/03_SLIDES-2018-Assises-Nationales-Ple%CC%81nie%CC%80re-Violaine-Gue%CC%81rin-A.pdf\" target=\"_blank\" rel=\"noopener\">Le chemin parcouru entre les deux Assises<\/a><br \/>\n<iframe src=\"https:\/\/www.youtube.com\/embed\/uJUzvvv5M40\" width=\"640\" height=\"360\" frameborder=\"0\" allowfullscreen=\"allowfullscreen\"><\/iframe><\/p>\n<p>Diapositives de Nicole Andrieu<br \/>\n<a href=\"http:\/\/www.stopauxviolencessexuelles.com\/wp-content\/uploads\/2018\/01\/04_SLIDES-2018-Assises-Nationales-Pleniere-Nicole-Andrieu.pdf\" target=\"_blank\" rel=\"noopener\">La sexo c&#8217;est de la physiologie<\/a><br \/>\n<iframe src=\"https:\/\/www.youtube.com\/embed\/KUcHWxONY8w\" width=\"640\" height=\"360\" frameborder=\"0\" allowfullscreen=\"allowfullscreen\"><\/iframe><\/p>\n<p>Diapositives du Pr St\u00e9phanie Mulot<br \/>\n<a href=\"http:\/\/www.stopauxviolencessexuelles.com\/wp-content\/uploads\/2018\/01\/05_SLIDES-2018-Assises-Nationales-Pleniere-Stephanie-Mulot.pdf\" target=\"_blank\" rel=\"noopener\">Sortir enfin de l&#8217;alibi culturel des violences sexuelles<\/a><br \/>\n<iframe src=\"https:\/\/www.youtube.com\/embed\/xxrbJa9knQo\" width=\"640\" height=\"360\" frameborder=\"0\" allowfullscreen=\"allowfullscreen\"><\/iframe><\/p>\n<p>Diapositives du Dr Jacques Leloutre<br \/>\n<a href=\"http:\/\/www.stopauxviolencessexuelles.com\/wp-content\/uploads\/2018\/01\/08_SLIDES-2018-Assises-Nationales-Pleniere-Jacques-Leloutre.pdf\" target=\"_blank\" rel=\"noopener\">Addictologie et violences sexuelles<\/a><br \/>\n<iframe src=\"https:\/\/www.youtube.com\/embed\/djjur5oIXlY\" width=\"640\" height=\"360\" frameborder=\"0\" allowfullscreen=\"allowfullscreen\"><\/iframe><\/p>\n<p>Diapositives du Dr Pascale Bouthillon-Heitzmann<br \/>\n<a href=\"http:\/\/www.stopauxviolencessexuelles.com\/wp-content\/uploads\/2018\/01\/09_SLIDES-2018-Assises-Nationales-Pleniere-Pascale-Bouthillon-Heitzmann.pdf\" target=\"_blank\" rel=\"noopener\">Les traitements m\u00e9dicamenteux psychiatriques <\/a><br \/>\ndans un parcours de soins de violences sexuelles<br \/>\n<iframe src=\"https:\/\/www.youtube.com\/embed\/eglR6-mXthM\" width=\"640\" height=\"360\" frameborder=\"0\" allowfullscreen=\"allowfullscreen\"><\/iframe><\/p>\n<p>Diapositives du Pr Jacques Bichot<br \/>\n<a href=\"http:\/\/www.stopauxviolencessexuelles.com\/wp-content\/uploads\/2018\/01\/10_SLIDES-2018-Assises-Nationales-Pleniere-Jacques-Bichot.pdf\" target=\"_blank\" rel=\"noopener\">Evaluation m\u00e9dico-\u00e9conomique des r\u00e9percussions des violences sexuelles<\/a><br \/>\n<iframe src=\"https:\/\/www.youtube.com\/embed\/kqMMi0qBBZE\" width=\"640\" height=\"360\" frameborder=\"0\" allowfullscreen=\"allowfullscreen\"><\/iframe><\/p>\n<p>Diapositives de Mireille Cyr, professeure de psychologie<br \/>\n<a href=\"http:\/\/www.stopauxviolencessexuelles.com\/wp-content\/uploads\/2018\/01\/15_SLIDES-2018-Assises-Nationales-Pleniere-Mireille-Cyr.pdf\" target=\"_blank\" rel=\"noopener\">V\u00e9cu traumatique et soutien des parents d&#8217;enfants victimes de violences sexuelles<\/a><br \/>\n<iframe src=\"https:\/\/www.youtube.com\/embed\/WB2ts7Ynwwg\" width=\"640\" height=\"360\" frameborder=\"0\" allowfullscreen=\"allowfullscreen\"><\/iframe><\/p>\n<p>Diapositives de Muguette Dini<br \/>\n<a href=\"http:\/\/www.stopauxviolencessexuelles.com\/wp-content\/uploads\/2018\/01\/16_SLIDES-2018-Assises-Nationales-Pleniere-Muguette-Dini.pdf\" target=\"_blank\" rel=\"noopener\">Les maisons de naissance : lieu de pr\u00e9vention des violences sexuelles<\/a><br \/>\n<iframe src=\"https:\/\/www.youtube.com\/embed\/vv54v_yx5PA\" width=\"640\" height=\"360\" frameborder=\"0\" allowfullscreen=\"allowfullscreen\"><\/iframe><\/p>\n<p>Diapositives de Serge Garde<br \/>\n<a href=\"http:\/\/www.stopauxviolencessexuelles.com\/wp-content\/uploads\/2018\/01\/17_SLIDES-2018-Assises-Nationales-Pleniere-Serge-Garde.pdf\" target=\"_blank\" rel=\"noopener\">Le journalisme d&#8217;investigation et le sujet des violences sexuelles<\/a><br \/>\n<iframe src=\"https:\/\/www.youtube.com\/embed\/JPM-A4p-LJU\" width=\"640\" height=\"360\" frameborder=\"0\" allowfullscreen=\"allowfullscreen\"><\/iframe><\/p>\n<p>Diapositives de Ma\u00eetre H\u00e9l\u00e8ne Kozaczyck<br \/>\n<a href=\"http:\/\/www.stopauxviolencessexuelles.com\/wp-content\/uploads\/2018\/01\/20_SLIDES-2018-Assises-Nationales-Pleniere-Helene-Kozaczyk.pdf\" target=\"_blank\" rel=\"noopener\">Violences sexuelles et indemnisation du dommage corporel<\/a><br \/>\n<iframe src=\"https:\/\/www.youtube.com\/embed\/mJHhVYv5xOs\" width=\"640\" height=\"360\" frameborder=\"0\" allowfullscreen=\"allowfullscreen\"><\/iframe><\/p>\n<p>Diapositives de Florence Tilkens<br \/>\n<a href=\"http:\/\/www.stopauxviolencessexuelles.com\/wp-content\/uploads\/2018\/01\/21_SLIDES-2018-Assises-Nationales-Pleniere-Florence-Tilkens.pdf\" target=\"_blank\" rel=\"noopener\">Les violences sexuelles sur la plan\u00e8te<\/a><br \/>\n<iframe src=\"https:\/\/www.youtube.com\/embed\/MQYEHGTahwM\" width=\"640\" height=\"360\" frameborder=\"0\" allowfullscreen=\"allowfullscreen\"><\/iframe><\/p>\n<p><strong><a href=\"http:\/\/www.stopauxviolencessexuelles.com\/wp-content\/uploads\/2018\/01\/ASSISES-2018-MESSAGES-CLES.pdf\" target=\"_blank\" rel=\"noopener\">Messages cle 2018<\/a><\/strong><br \/>\n<a href=\"http:\/\/www.stopauxviolencessexuelles.com\/wp-content\/uploads\/2018\/01\/ASSISES-2018-Liste-des-sponsors-de-lanne%CC%81e-2017-1.pdf\" target=\"_blank\" rel=\"noopener\"><strong> Sponsors 2018<\/strong><\/a><br \/>\n<a href=\"http:\/\/www.stopauxviolencessexuelles.com\/wp-content\/uploads\/2018\/01\/Assises-2018-Liste-non-exhaustive-des-inscrits-1.pdf\" target=\"_blank\" rel=\"noopener\"><strong> Liste des participants 2018<\/strong><\/a><br \/>\n<strong> <a href=\"http:\/\/www.stopauxviolencessexuelles.com\/wp-content\/uploads\/2018\/01\/DOSSIER-DE-PRESSE-2017-18_C_BDEF.pdf\" target=\"_blank\" rel=\"noopener\">Dossier de presse 2018<\/a><\/strong><\/p>\n<p><strong>ASSISES 2018 \u2013 LES VIDEOS<\/strong><\/p>\n<p><strong>St\u00e9phanie Mulot<\/strong><br \/>\n<em>Docteure en anthropologie sociale<\/em><br \/>\n<iframe src=\"https:\/\/www.youtube.com\/embed\/_YxezZmiGao\" width=\"640\" height=\"360\" frameborder=\"0\" allowfullscreen=\"allowfullscreen\" data-mce-fragment=\"1\"><\/iframe><\/p>\n<p><strong>Jacques Bichot<\/strong><br \/>\n<em>Economiste<\/em><br \/>\n<iframe src=\"https:\/\/www.youtube.com\/embed\/dWN1n6C9oSM\" width=\"640\" height=\"360\" frameborder=\"0\" allowfullscreen=\"allowfullscreen\" data-mce-fragment=\"1\"><\/iframe><\/p>\n<p><strong>Pascale Bouthillon-Heitzmann<\/strong><br \/>\n<em>Psychiatre<\/em><br \/>\n<iframe src=\"https:\/\/www.youtube.com\/embed\/ybVn1DUVqbM\" width=\"640\" height=\"360\" frameborder=\"0\" allowfullscreen=\"allowfullscreen\" data-mce-fragment=\"1\"><\/iframe><\/p>\n<p><strong>Mireille Cyr<\/strong><br \/>\n<em>Professeure\u00a0de psychologie<\/em><br \/>\n<iframe src=\"https:\/\/www.youtube.com\/embed\/AM5xhfr4tGs\" width=\"640\" height=\"360\" frameborder=\"0\" allowfullscreen=\"allowfullscreen\" data-mce-fragment=\"1\"><\/iframe><\/p>\n<p><strong>Serge Garde<\/strong><br \/>\n<em>Journaliste<\/em><br \/>\n<iframe src=\"https:\/\/www.youtube.com\/embed\/4fxnZo1SZvg\" width=\"640\" height=\"360\" frameborder=\"0\" allowfullscreen=\"allowfullscreen\" data-mce-fragment=\"1\"><\/iframe><\/p>\n<p><strong>H\u00e9l\u00e8ne Kozaczyk<\/strong><br \/>\n<em>Avocate<\/em><br \/>\n<iframe src=\"https:\/\/www.youtube.com\/embed\/sLJdK-WdStU\" width=\"640\" height=\"360\" frameborder=\"0\" allowfullscreen=\"allowfullscreen\" data-mce-fragment=\"1\"><\/iframe><\/p>\n<p><strong>Fran\u00e7ois Devaux<\/strong><br \/>\n<em>La Parole Lib\u00e9r\u00e9e<\/em><iframe src=\"https:\/\/www.youtube.com\/embed\/Rr9Xbt-pQpc\" width=\"640\" height=\"360\" frameborder=\"0\" allowfullscreen=\"allowfullscreen\" data-mce-fragment=\"1\"><\/iframe><\/p>\n<p><strong>Florence Tilkens<\/strong><br \/>\n<iframe src=\"https:\/\/www.youtube.com\/embed\/5jruYmNiMhs\" width=\"640\" height=\"360\" frameborder=\"0\" allowfullscreen=\"allowfullscreen\" data-mce-fragment=\"1\"><\/iframe><\/p>\n","protected":false},"excerpt":{"rendered":"<p>The 5th National Conference took place in Paris on January 8th and 9th 2018 Le 8\/1 Program of the 5th Conference (2018) \u2013\u00a0in french Program of the 5th Conference (2018) \u2013\u00a0in english Program of the des 5th Conference (2018) \u2013\u00a0in german Program of the 5th Conference (2018) \u2013\u00a0in spanish Program of the 5th Conference \u2013\u00a0in [&hellip;]<\/p>\n","protected":false},"author":3,"featured_media":0,"parent":0,"menu_order":0,"comment_status":"closed","ping_status":"closed","template":"","meta":[],"_links":{"self":[{"href":"https:\/\/www.stopauxviolencessexuelles.com\/us\/wp-json\/wp\/v2\/pages\/528"}],"collection":[{"href":"https:\/\/www.stopauxviolencessexuelles.com\/us\/wp-json\/wp\/v2\/pages"}],"about":[{"href":"https:\/\/www.stopauxviolencessexuelles.com\/us\/wp-json\/wp\/v2\/types\/page"}],"author":[{"embeddable":true,"href":"https:\/\/www.stopauxviolencessexuelles.com\/us\/wp-json\/wp\/v2\/users\/3"}],"replies":[{"embeddable":true,"href":"https:\/\/www.stopauxviolencessexuelles.com\/us\/wp-json\/wp\/v2\/comments?post=528"}],"version-history":[{"count":11,"href":"https:\/\/www.stopauxviolencessexuelles.com\/us\/wp-json\/wp\/v2\/pages\/528\/revisions"}],"predecessor-version":[{"id":595,"href":"https:\/\/www.stopauxviolencessexuelles.com\/us\/wp-json\/wp\/v2\/pages\/528\/revisions\/595"}],"wp:attachment":[{"href":"https:\/\/www.stopauxviolencessexuelles.com\/us\/wp-json\/wp\/v2\/media?parent=528"}],"curies":[{"name":"wp","href":"https:\/\/api.w.org\/{rel}","templated":true}]}}