{"id":624,"date":"2018-06-03T18:52:46","date_gmt":"2018-06-03T17:52:46","guid":{"rendered":"http:\/\/www.stopauxviolencessexuelles.com\/us\/?page_id=624"},"modified":"2019-03-25T17:05:59","modified_gmt":"2019-03-25T16:05:59","slug":"assises-2019","status":"publish","type":"page","link":"https:\/\/www.stopauxviolencessexuelles.com\/us\/assises-2019\/","title":{"rendered":"Conference 2019"},"content":{"rendered":"<h2 class=\"container\">The 6th International Conference<br \/>\ntook place in Paris on January 7th and 8th 2019<\/h2>\n<p class=\"p1\"><a href=\"http:\/\/www.stopauxviolencessexuelles.com\/wp-content\/uploads\/2018\/06\/PROGRAMME-ASSISES-2019-fr.pdf\" target=\"_blank\" rel=\"noopener\"><br \/>\n<\/a>Program of the 6th International Congress (2019) \u2013\u00a0<a href=\"http:\/\/www.stopauxviolencessexuelles.com\/us\/wp-content\/uploads\/sites\/3\/2018\/11\/PROGRAMME-ASSISES-2019-anglais.pdf\" target=\"_blank\" rel=\"noopener\">in english<\/a><\/p>\n<p><strong><a href=\"http:\/\/www.stopauxviolencessexuelles.com\/wp-content\/uploads\/2019\/01\/Assises-2019-CV-orateurs-et-mode%CC%81rateurs.pdf\" target=\"_blank\" rel=\"noopener\">CV of the speakers and moderators &#8211; Conference 2019<\/a><\/strong><\/p>\n<p><strong>The 7\/1<\/strong><\/p>\n<p><strong>Speeches<\/strong><\/p>\n<p>Speech of Madame la D\u00e9put\u00e9e Sophie Auconie<\/p>\n<p>Slides of Dr Violaine Gu\u00e9rin<br \/>\n<a href=\"http:\/\/www.stopauxviolencessexuelles.com\/us\/wp-content\/uploads\/sites\/3\/2019\/01\/03_SLIDES-2019-Assises-Ple%CC%81nie%CC%80re-GUERIN-Violaine_TRAD.pdf\" target=\"_blank\" rel=\"noopener\">Progress made between two conferences<\/a><\/p>\n<p>Speech of Andr\u00e9a Bescond<br \/>\n<iframe src=\"https:\/\/www.youtube.com\/embed\/J3esktaJG1Y\" width=\"640\" height=\"360\" frameborder=\"0\" allowfullscreen=\"allowfullscreen\" data-mce-fragment=\"1\"><\/iframe><\/p>\n<p>Slides of Anne Maurel<br \/>\n<a href=\"http:\/\/www.stopauxviolencessexuelles.com\/us\/wp-content\/uploads\/sites\/3\/2019\/01\/05_SLIDES-2019-Assises-Ple%CC%81nie%CC%80re-MAUREL-Anne-VS-art-et-culture_TRAD.pdf\" target=\"_blank\" rel=\"noopener\">Sexual violence, art and culture<\/a><\/p>\n<p>Slides of Serge Garde<br \/>\nEvolution de la soci\u00e9t\u00e9 vis-\u00e0-vis de la p\u00e9docriminalit\u00e9<\/p>\n<p>Testimony of Benjamin Orenstein<br \/>\nExtermination Camps &#8211; What are the consequences of the biggest traumas?<br \/>\n<iframe src=\"https:\/\/www.youtube.com\/embed\/8MpbMqEZW8M\" width=\"640\" height=\"360\" frameborder=\"0\" allowfullscreen=\"allowfullscreen\" data-mce-fragment=\"1\"><\/iframe><\/p>\n<p>Slides of Dr Nathalie Regensberg de Andreis<br \/>\n<a href=\"http:\/\/www.stopauxviolencessexuelles.com\/us\/10_slides-2019-assises-pleniere-regensberg-natacha-fibromyalgie_trad\/\" target=\"_blank\" rel=\"noopener\">Fibromyalgia and sexual violence<\/a><\/p>\n<p>Slides of Pr Ghislain Devroede<br \/>\n<a href=\"http:\/\/www.stopauxviolencessexuelles.com\/us\/wp-content\/uploads\/sites\/3\/2019\/01\/11_SLIDES-2019-Assises-Ple%CC%81nie%CC%80re-DEVROEDE-Ghislain-Somatisation-digestive_TRAD.pdf\" target=\"_blank\" rel=\"noopener\">Sexual violence and digestive somatisation<\/a><\/p>\n<p>Slides of the Epidemiological Research Group<br \/>\n<a href=\"http:\/\/www.stopauxviolencessexuelles.com\/us\/wp-content\/uploads\/sites\/3\/2019\/03\/12_SLIDES-2019-Assises-Pleniere-V-iolences-sexuelles-sur-mineurs.pdf\" target=\"_blank\" rel=\"noopener\">Sexual violence on underage. epidemiological study<\/a><\/p>\n<p>Slides of Mika\u00ebl Poutiers<br \/>\n<a href=\"http:\/\/www.stopauxviolencessexuelles.com\/us\/wp-content\/uploads\/sites\/3\/2019\/01\/18_SLIDES-2019-Assises-Ple%CC%81nie%CC%80re-POUTIERS-Mikae%CC%88l-Conseil-de-lEurope-Trad-full-english.pdf\" target=\"_blank\" rel=\"noopener\">Sexual violence against children. The Council of Europe&#8217;s response<\/a><\/p>\n<p>Slides of Dr Jean-Louis Thomas<br \/>\n<a href=\"http:\/\/www.stopauxviolencessexuelles.com\/us\/wp-content\/uploads\/sites\/3\/2019\/01\/19_SLIDES-2019-Assises-Ple%CC%81nie%CC%80re-THOMAS-Jean-Louis-Femmes-auteures-Trad-full-english.pdf\" target=\"_blank\" rel=\"noopener\">Women, authors of sexual aggression<\/a><\/p>\n<p>Slides of Val\u00e9rie Moulin<br \/>\n<a href=\"http:\/\/www.stopauxviolencessexuelles.com\/us\/wp-content\/uploads\/sites\/3\/2019\/01\/20_SLIDES-2019-Assises-Ple%CC%81nie%CC%80re-MOULIN-Vale%CC%81rie-Expertise-auteurs-Trad-full-english.pdf\" target=\"_blank\" rel=\"noopener\">Issues and criteria for psychological evaluation of authors of sexual violence<\/a><\/p>\n<p>Slides of Violaine Chabardes<br \/>\n<a href=\"http:\/\/www.stopauxviolencessexuelles.com\/us\/wp-content\/uploads\/sites\/3\/2019\/01\/24_SLIDES-2019-Assises-Ple%CC%81nie%CC%80re-CHABARDES-Violaine-Dangers-Internet-mineurs-TRAD.pdf\" target=\"_blank\" rel=\"noopener\">Threats children face online<\/a><\/p>\n<p>Slides of Michael Moran<br \/>\n<a href=\"http:\/\/www.stopauxviolencessexuelles.com\/wp-content\/uploads\/2019\/01\/25_SLIDES-2019-Assises-Ple%CC%81nie%CC%80re-MORAN-Michael-Violences-sexuelles-quel-ro%CC%82le-pour-Interpol.pdf\" target=\"_blank\" rel=\"noopener\">Sexual violence and the role of Interpol<\/a><\/p>\n<p>Slides of Florence Tilkens<br \/>\n<a href=\"http:\/\/www.stopauxviolencessexuelles.com\/us\/wp-content\/uploads\/sites\/3\/2019\/01\/26_SLIDES-2019-Assises-Ple%CC%81nie%CC%80re-TILKENS-Florence-TRAD.pdf\" target=\"_blank\" rel=\"noopener\">Sexual violence: what happened in the world in 2018?<\/a><br \/>\n<iframe src=\"https:\/\/www.youtube.com\/embed\/IjrwtkwSCKA\" width=\"640\" height=\"360\" frameborder=\"0\" allowfullscreen=\"allowfullscreen\" data-mce-fragment=\"1\"><\/iframe><\/p>\n<p><strong>The 8\/1<\/strong><\/p>\n<p><a href=\"http:\/\/www.stopauxviolencessexuelles.com\/wp-content\/uploads\/2019\/01\/190108-Auditorium-16h00-GUERIN-Violaine-Endome%CC%81triose.pdf\" target=\"_blank\" rel=\"noopener\">Endometriosis Workshop and sexual violences<\/a><br \/>\nDr Violaine Gu\u00e9rin<\/p>\n<p><a href=\"http:\/\/www.stopauxviolencessexuelles.com\/wp-content\/uploads\/2019\/01\/MESSAGES-CLES-2019.pdf\" target=\"_blank\" rel=\"noopener\"><strong>Key messages\u00a0 2019<\/strong><\/a><br \/>\n<a href=\"http:\/\/www.stopauxviolencessexuelles.com\/wp-content\/uploads\/2019\/01\/sponsors-SVS-ASSISES-2019.pdf\" target=\"_blank\" rel=\"noopener\"><strong>Sponsors 2019<\/strong><\/a><br \/>\n<strong><a id=\"dictEntry10005014805\" class=\"dictLink featured\" href=\"https:\/\/www.linguee.fr\/anglais-francais\/traduction\/list+of+participants.html\">List of participants 2019<\/a>\u00a0<\/strong><br \/>\n<a href=\"http:\/\/www.stopauxviolencessexuelles.com\/wp-content\/uploads\/2019\/01\/SVS-DP-2019.pdf\" target=\"_blank\" rel=\"noopener\"><strong>Press kit 2019<\/strong><\/a><\/p>\n<p><strong>Conference 2019 \u2013 THE PHOTOS<\/strong><\/p>\n<p>7\/01<br \/>\n<div id=\"metaslider-id-773\" style=\"max-width: 850px;\" class=\"ml-slider-3-19-1 metaslider metaslider-flex metaslider-773 ml-slider nav-hidden\">\n    <div id=\"metaslider_container_773\">\n        <div id=\"metaslider_773\">\n            <ul aria-live=\"polite\" class=\"slides\">\n                <li style=\"display: block; width: 100%;\" class=\"slide-803 ms-image\"><img src=\"https:\/\/www.stopauxviolencessexuelles.com\/us\/wp-content\/uploads\/sites\/3\/2019\/02\/SVS2199assises-07_01-850x567.jpg\" height=\"567\" width=\"850\" alt=\"\" class=\"slider-773 slide-803\" \/><\/li>\n                <li style=\"display: none; width: 100%;\" class=\"slide-804 ms-image\"><img src=\"https:\/\/www.stopauxviolencessexuelles.com\/us\/wp-content\/uploads\/sites\/3\/2019\/02\/SVS2218assises-07_01-850x567.jpg\" height=\"567\" width=\"850\" alt=\"\" class=\"slider-773 slide-804\" \/><\/li>\n                <li style=\"display: none; width: 100%;\" class=\"slide-805 ms-image\"><img src=\"https:\/\/www.stopauxviolencessexuelles.com\/us\/wp-content\/uploads\/sites\/3\/2019\/02\/SVS2220assises-07_01-850x567.jpg\" height=\"567\" width=\"850\" alt=\"\" class=\"slider-773 slide-805\" \/><\/li>\n                <li style=\"display: none; width: 100%;\" class=\"slide-806 ms-image\"><img src=\"https:\/\/www.stopauxviolencessexuelles.com\/us\/wp-content\/uploads\/sites\/3\/2019\/02\/SVS2277assises-07_01-850x567.jpg\" height=\"567\" width=\"850\" alt=\"\" class=\"slider-773 slide-806\" \/><\/li>\n                <li style=\"display: none; width: 100%;\" class=\"slide-807 ms-image\"><img src=\"https:\/\/www.stopauxviolencessexuelles.com\/us\/wp-content\/uploads\/sites\/3\/2019\/02\/SVS2301assises-07_01-850x567.jpg\" height=\"567\" width=\"850\" alt=\"\" class=\"slider-773 slide-807\" \/><\/li>\n                <li style=\"display: none; width: 100%;\" class=\"slide-808 ms-image\"><img src=\"https:\/\/www.stopauxviolencessexuelles.com\/us\/wp-content\/uploads\/sites\/3\/2019\/02\/SVS2313assises-07_01-850x567.jpg\" height=\"567\" width=\"850\" alt=\"\" class=\"slider-773 slide-808\" \/><\/li>\n                <li style=\"display: none; width: 100%;\" class=\"slide-809 ms-image\"><img src=\"https:\/\/www.stopauxviolencessexuelles.com\/us\/wp-content\/uploads\/sites\/3\/2019\/02\/SVS2318assises-07_01-850x567.jpg\" height=\"567\" width=\"850\" alt=\"\" class=\"slider-773 slide-809\" \/><\/li>\n                <li style=\"display: none; width: 100%;\" class=\"slide-810 ms-image\"><img src=\"https:\/\/www.stopauxviolencessexuelles.com\/us\/wp-content\/uploads\/sites\/3\/2019\/02\/SVS2320assises-07_01-850x567.jpg\" height=\"567\" width=\"850\" alt=\"\" class=\"slider-773 slide-810\" \/><\/li>\n                <li style=\"display: none; width: 100%;\" class=\"slide-811 ms-image\"><img src=\"https:\/\/www.stopauxviolencessexuelles.com\/us\/wp-content\/uploads\/sites\/3\/2019\/02\/SVS2334assises-07_01-850x567.jpg\" height=\"567\" width=\"850\" alt=\"\" class=\"slider-773 slide-811\" \/><\/li>\n                <li style=\"display: none; width: 100%;\" class=\"slide-812 ms-image\"><img src=\"https:\/\/www.stopauxviolencessexuelles.com\/us\/wp-content\/uploads\/sites\/3\/2019\/02\/SVS2338assises-07_01-850x567.jpg\" height=\"567\" width=\"850\" alt=\"\" class=\"slider-773 slide-812\" \/><\/li>\n                <li style=\"display: none; width: 100%;\" class=\"slide-813 ms-image\"><img src=\"https:\/\/www.stopauxviolencessexuelles.com\/us\/wp-content\/uploads\/sites\/3\/2019\/02\/SVS2365assises-07_01-850x567.jpg\" height=\"567\" width=\"850\" alt=\"\" class=\"slider-773 slide-813\" \/><\/li>\n                <li style=\"display: none; width: 100%;\" class=\"slide-814 ms-image\"><img src=\"https:\/\/www.stopauxviolencessexuelles.com\/us\/wp-content\/uploads\/sites\/3\/2019\/02\/SVS2374assises-07_01-850x567.jpg\" height=\"567\" width=\"850\" alt=\"\" class=\"slider-773 slide-814\" \/><\/li>\n                <li style=\"display: none; width: 100%;\" class=\"slide-815 ms-image\"><img src=\"https:\/\/www.stopauxviolencessexuelles.com\/us\/wp-content\/uploads\/sites\/3\/2019\/02\/SVS2391assises-07_01-850x567.jpg\" height=\"567\" width=\"850\" alt=\"\" class=\"slider-773 slide-815\" \/><\/li>\n                <li style=\"display: none; width: 100%;\" class=\"slide-816 ms-image\"><img src=\"https:\/\/www.stopauxviolencessexuelles.com\/us\/wp-content\/uploads\/sites\/3\/2019\/02\/SVS2467assises-07_01-850x567.jpg\" height=\"567\" width=\"850\" alt=\"\" class=\"slider-773 slide-816\" \/><\/li>\n                <li style=\"display: none; width: 100%;\" class=\"slide-817 ms-image\"><img src=\"https:\/\/www.stopauxviolencessexuelles.com\/us\/wp-content\/uploads\/sites\/3\/2019\/02\/SVS2497assises-07_01-850x567.jpg\" height=\"567\" width=\"850\" alt=\"\" class=\"slider-773 slide-817\" \/><\/li>\n                <li style=\"display: none; width: 100%;\" class=\"slide-818 ms-image\"><img src=\"https:\/\/www.stopauxviolencessexuelles.com\/us\/wp-content\/uploads\/sites\/3\/2019\/02\/SVS2505assises-07_01-850x567.jpg\" height=\"567\" width=\"850\" alt=\"\" class=\"slider-773 slide-818\" \/><\/li>\n                <li style=\"display: none; width: 100%;\" class=\"slide-819 ms-image\"><img src=\"https:\/\/www.stopauxviolencessexuelles.com\/us\/wp-content\/uploads\/sites\/3\/2019\/02\/SVS2506assises-07_01-850x567.jpg\" height=\"567\" width=\"850\" alt=\"\" class=\"slider-773 slide-819\" \/><\/li>\n                <li style=\"display: none; width: 100%;\" class=\"slide-820 ms-image\"><img src=\"https:\/\/www.stopauxviolencessexuelles.com\/us\/wp-content\/uploads\/sites\/3\/2019\/02\/SVS2510assises-07_01-850x567.jpg\" height=\"567\" width=\"850\" alt=\"\" class=\"slider-773 slide-820\" \/><\/li>\n                <li style=\"display: none; width: 100%;\" class=\"slide-821 ms-image\"><img src=\"https:\/\/www.stopauxviolencessexuelles.com\/us\/wp-content\/uploads\/sites\/3\/2019\/02\/SVS2520assises-07_01-850x567.jpg\" height=\"567\" width=\"850\" alt=\"\" class=\"slider-773 slide-821\" \/><\/li>\n                <li style=\"display: none; width: 100%;\" class=\"slide-822 ms-image\"><img src=\"https:\/\/www.stopauxviolencessexuelles.com\/us\/wp-content\/uploads\/sites\/3\/2019\/02\/SVS2539assises-07_01-850x567.jpg\" height=\"567\" width=\"850\" alt=\"\" class=\"slider-773 slide-822\" \/><\/li>\n                <li style=\"display: none; width: 100%;\" class=\"slide-823 ms-image\"><img src=\"https:\/\/www.stopauxviolencessexuelles.com\/us\/wp-content\/uploads\/sites\/3\/2019\/02\/SVS2562assises-07_01-850x567.jpg\" height=\"567\" width=\"850\" alt=\"\" class=\"slider-773 slide-823\" \/><\/li>\n                <li style=\"display: none; width: 100%;\" class=\"slide-824 ms-image\"><img src=\"https:\/\/www.stopauxviolencessexuelles.com\/us\/wp-content\/uploads\/sites\/3\/2019\/02\/SVS2581assises-07_01-850x567.jpg\" height=\"567\" width=\"850\" alt=\"\" class=\"slider-773 slide-824\" \/><\/li>\n                <li style=\"display: none; width: 100%;\" class=\"slide-825 ms-image\"><img src=\"https:\/\/www.stopauxviolencessexuelles.com\/us\/wp-content\/uploads\/sites\/3\/2019\/02\/SVS2601assises-07_01-850x567.jpg\" height=\"567\" width=\"850\" alt=\"\" class=\"slider-773 slide-825\" \/><\/li>\n                <li style=\"display: none; width: 100%;\" class=\"slide-826 ms-image\"><img src=\"https:\/\/www.stopauxviolencessexuelles.com\/us\/wp-content\/uploads\/sites\/3\/2019\/02\/SVS2618assises-07_01-850x567.jpg\" height=\"567\" width=\"850\" alt=\"\" class=\"slider-773 slide-826\" \/><\/li>\n                <li style=\"display: none; width: 100%;\" class=\"slide-827 ms-image\"><img src=\"https:\/\/www.stopauxviolencessexuelles.com\/us\/wp-content\/uploads\/sites\/3\/2019\/02\/SVS2630assises-07_01-850x567.jpg\" height=\"567\" width=\"850\" alt=\"\" class=\"slider-773 slide-827\" \/><\/li>\n                <li style=\"display: none; width: 100%;\" class=\"slide-828 ms-image\"><img src=\"https:\/\/www.stopauxviolencessexuelles.com\/us\/wp-content\/uploads\/sites\/3\/2019\/02\/SVS2666assises-07_01-850x567.jpg\" height=\"567\" width=\"850\" alt=\"\" class=\"slider-773 slide-828\" \/><\/li>\n                <li style=\"display: none; width: 100%;\" class=\"slide-829 ms-image\"><img src=\"https:\/\/www.stopauxviolencessexuelles.com\/us\/wp-content\/uploads\/sites\/3\/2019\/02\/SVS2680assises-07_01-850x567.jpg\" height=\"567\" width=\"850\" alt=\"\" class=\"slider-773 slide-829\" \/><\/li>\n                <li style=\"display: none; width: 100%;\" class=\"slide-830 ms-image\"><img src=\"https:\/\/www.stopauxviolencessexuelles.com\/us\/wp-content\/uploads\/sites\/3\/2019\/02\/SVS2688assises-07_01-850x567.jpg\" height=\"567\" width=\"850\" alt=\"\" class=\"slider-773 slide-830\" \/><\/li>\n                <li style=\"display: none; width: 100%;\" class=\"slide-831 ms-image\"><img src=\"https:\/\/www.stopauxviolencessexuelles.com\/us\/wp-content\/uploads\/sites\/3\/2019\/02\/SVS2697assises-07_01-850x567.jpg\" height=\"567\" width=\"850\" alt=\"\" class=\"slider-773 slide-831\" \/><\/li>\n            <\/ul>\n        <\/div>\n        \n    <\/div>\n<\/div><\/p>\n<p>8\/01<br \/>\n<div id=\"metaslider-id-865\" style=\"max-width: 850px;\" class=\"ml-slider-3-19-1 metaslider metaslider-flex metaslider-865 ml-slider nav-hidden nav-hidden\">\n    <div id=\"metaslider_container_865\">\n        <div id=\"metaslider_865\">\n            <ul aria-live=\"polite\" class=\"slides\">\n                <li style=\"display: block; width: 100%;\" class=\"slide-866 ms-image\"><img src=\"https:\/\/www.stopauxviolencessexuelles.com\/us\/wp-content\/uploads\/sites\/3\/2019\/02\/DSC_8779-850x567.jpg\" height=\"567\" width=\"850\" alt=\"\" class=\"slider-865 slide-866\" \/><\/li>\n                <li style=\"display: none; width: 100%;\" class=\"slide-867 ms-image\"><img src=\"https:\/\/www.stopauxviolencessexuelles.com\/us\/wp-content\/uploads\/sites\/3\/2019\/02\/DSC_8770-850x567.jpg\" height=\"567\" width=\"850\" alt=\"\" class=\"slider-865 slide-867\" \/><\/li>\n                <li style=\"display: none; width: 100%;\" class=\"slide-868 ms-image\"><img src=\"https:\/\/www.stopauxviolencessexuelles.com\/us\/wp-content\/uploads\/sites\/3\/2019\/02\/DSC_8764-850x567.jpg\" height=\"567\" width=\"850\" alt=\"\" class=\"slider-865 slide-868\" \/><\/li>\n                <li style=\"display: none; width: 100%;\" class=\"slide-869 ms-image\"><img src=\"https:\/\/www.stopauxviolencessexuelles.com\/us\/wp-content\/uploads\/sites\/3\/2019\/02\/DSC_8756-850x567.jpg\" height=\"567\" width=\"850\" alt=\"\" class=\"slider-865 slide-869\" \/><\/li>\n                <li style=\"display: none; width: 100%;\" class=\"slide-870 ms-image\"><img src=\"https:\/\/www.stopauxviolencessexuelles.com\/us\/wp-content\/uploads\/sites\/3\/2019\/02\/DSC_8734-850x567.jpg\" height=\"567\" width=\"850\" alt=\"\" class=\"slider-865 slide-870\" \/><\/li>\n                <li style=\"display: none; width: 100%;\" class=\"slide-871 ms-image\"><img src=\"https:\/\/www.stopauxviolencessexuelles.com\/us\/wp-content\/uploads\/sites\/3\/2019\/02\/DSC_8732-850x567.jpg\" height=\"567\" width=\"850\" alt=\"\" class=\"slider-865 slide-871\" \/><\/li>\n                <li style=\"display: none; width: 100%;\" class=\"slide-872 ms-image\"><img src=\"https:\/\/www.stopauxviolencessexuelles.com\/us\/wp-content\/uploads\/sites\/3\/2019\/02\/DSC_8725-850x567.jpg\" height=\"567\" width=\"850\" alt=\"\" class=\"slider-865 slide-872\" \/><\/li>\n                <li style=\"display: none; width: 100%;\" class=\"slide-873 ms-image\"><img src=\"https:\/\/www.stopauxviolencessexuelles.com\/us\/wp-content\/uploads\/sites\/3\/2019\/02\/DSC_8710-850x567.jpg\" height=\"567\" width=\"850\" alt=\"\" class=\"slider-865 slide-873\" \/><\/li>\n                <li style=\"display: none; width: 100%;\" class=\"slide-874 ms-image\"><img src=\"https:\/\/www.stopauxviolencessexuelles.com\/us\/wp-content\/uploads\/sites\/3\/2019\/02\/DSC_8689-850x567.jpg\" height=\"567\" width=\"850\" alt=\"\" class=\"slider-865 slide-874\" \/><\/li>\n                <li style=\"display: none; width: 100%;\" class=\"slide-875 ms-image\"><img src=\"https:\/\/www.stopauxviolencessexuelles.com\/us\/wp-content\/uploads\/sites\/3\/2019\/02\/DSC_8684-850x567.jpg\" height=\"567\" width=\"850\" alt=\"\" class=\"slider-865 slide-875\" \/><\/li>\n                <li style=\"display: none; width: 100%;\" class=\"slide-876 ms-image\"><img src=\"https:\/\/www.stopauxviolencessexuelles.com\/us\/wp-content\/uploads\/sites\/3\/2019\/02\/DSC_8675-850x567.jpg\" height=\"567\" width=\"850\" alt=\"\" class=\"slider-865 slide-876\" \/><\/li>\n                <li style=\"display: none; width: 100%;\" class=\"slide-877 ms-image\"><img src=\"https:\/\/www.stopauxviolencessexuelles.com\/us\/wp-content\/uploads\/sites\/3\/2019\/02\/DSC_8659-850x567.jpg\" height=\"567\" width=\"850\" alt=\"\" class=\"slider-865 slide-877\" \/><\/li>\n                <li style=\"display: none; width: 100%;\" class=\"slide-878 ms-image\"><img src=\"https:\/\/www.stopauxviolencessexuelles.com\/us\/wp-content\/uploads\/sites\/3\/2019\/02\/DSC_8655-850x567.jpg\" height=\"567\" width=\"850\" alt=\"\" class=\"slider-865 slide-878\" \/><\/li>\n                <li style=\"display: none; width: 100%;\" class=\"slide-879 ms-image\"><img src=\"https:\/\/www.stopauxviolencessexuelles.com\/us\/wp-content\/uploads\/sites\/3\/2019\/02\/DSC_8650-850x567.jpg\" height=\"567\" width=\"850\" alt=\"\" class=\"slider-865 slide-879\" \/><\/li>\n                <li style=\"display: none; width: 100%;\" class=\"slide-880 ms-image\"><img src=\"https:\/\/www.stopauxviolencessexuelles.com\/us\/wp-content\/uploads\/sites\/3\/2019\/02\/SVS3052assises-08_01-850x567.jpg\" height=\"567\" width=\"850\" alt=\"\" class=\"slider-865 slide-880\" \/><\/li>\n                <li style=\"display: none; width: 100%;\" class=\"slide-881 ms-image\"><img src=\"https:\/\/www.stopauxviolencessexuelles.com\/us\/wp-content\/uploads\/sites\/3\/2019\/02\/SVS3030assises-08_01-850x567.jpg\" height=\"567\" width=\"850\" alt=\"\" class=\"slider-865 slide-881\" \/><\/li>\n                <li style=\"display: none; width: 100%;\" class=\"slide-882 ms-image\"><img src=\"https:\/\/www.stopauxviolencessexuelles.com\/us\/wp-content\/uploads\/sites\/3\/2019\/02\/SVS3008assises-08_01-850x567.jpg\" height=\"567\" width=\"850\" alt=\"\" class=\"slider-865 slide-882\" \/><\/li>\n                <li style=\"display: none; width: 100%;\" class=\"slide-883 ms-image\"><img src=\"https:\/\/www.stopauxviolencessexuelles.com\/us\/wp-content\/uploads\/sites\/3\/2019\/02\/SVS2971assises-08_01-850x567.jpg\" height=\"567\" width=\"850\" alt=\"\" class=\"slider-865 slide-883\" \/><\/li>\n                <li style=\"display: none; width: 100%;\" class=\"slide-884 ms-image\"><img src=\"https:\/\/www.stopauxviolencessexuelles.com\/us\/wp-content\/uploads\/sites\/3\/2019\/02\/SVS2962assises-08_01-850x567.jpg\" height=\"567\" width=\"850\" alt=\"\" class=\"slider-865 slide-884\" \/><\/li>\n                <li style=\"display: none; width: 100%;\" class=\"slide-885 ms-image\"><img src=\"https:\/\/www.stopauxviolencessexuelles.com\/us\/wp-content\/uploads\/sites\/3\/2019\/02\/SVS2952assises-08_01-850x567.jpg\" height=\"567\" width=\"850\" alt=\"\" class=\"slider-865 slide-885\" \/><\/li>\n                <li style=\"display: none; width: 100%;\" class=\"slide-886 ms-image\"><img src=\"https:\/\/www.stopauxviolencessexuelles.com\/us\/wp-content\/uploads\/sites\/3\/2019\/02\/SVS2950assises-08_01-850x567.jpg\" height=\"567\" width=\"850\" alt=\"\" class=\"slider-865 slide-886\" \/><\/li>\n                <li style=\"display: none; width: 100%;\" class=\"slide-887 ms-image\"><img src=\"https:\/\/www.stopauxviolencessexuelles.com\/us\/wp-content\/uploads\/sites\/3\/2019\/02\/SVS2948assises-08_01-850x567.jpg\" height=\"567\" width=\"850\" alt=\"\" class=\"slider-865 slide-887\" \/><\/li>\n                <li style=\"display: none; width: 100%;\" class=\"slide-888 ms-image\"><img src=\"https:\/\/www.stopauxviolencessexuelles.com\/us\/wp-content\/uploads\/sites\/3\/2019\/02\/GWE2931assises-08_01assises-08_01-850x567.jpg\" height=\"567\" width=\"850\" alt=\"\" class=\"slider-865 slide-888\" \/><\/li>\n                <li style=\"display: none; width: 100%;\" class=\"slide-889 ms-image\"><img src=\"https:\/\/www.stopauxviolencessexuelles.com\/us\/wp-content\/uploads\/sites\/3\/2019\/02\/GWE2928assises-08_01assises-08_01-850x567.jpg\" height=\"567\" width=\"850\" alt=\"\" class=\"slider-865 slide-889\" \/><\/li>\n                <li style=\"display: none; width: 100%;\" class=\"slide-890 ms-image\"><img src=\"https:\/\/www.stopauxviolencessexuelles.com\/us\/wp-content\/uploads\/sites\/3\/2019\/02\/GWE2926assises-08_01assises-08_01-850x567.jpg\" height=\"567\" width=\"850\" alt=\"\" class=\"slider-865 slide-890\" \/><\/li>\n                <li style=\"display: none; width: 100%;\" class=\"slide-891 ms-image\"><img src=\"https:\/\/www.stopauxviolencessexuelles.com\/us\/wp-content\/uploads\/sites\/3\/2019\/02\/GWE2925assises-08_01assises-08_01-850x567.jpg\" height=\"567\" width=\"850\" alt=\"\" class=\"slider-865 slide-891\" \/><\/li>\n                <li style=\"display: none; width: 100%;\" class=\"slide-892 ms-image\"><img src=\"https:\/\/www.stopauxviolencessexuelles.com\/us\/wp-content\/uploads\/sites\/3\/2019\/02\/GWE2924assises-08_01assises-08_01-850x567.jpg\" height=\"567\" width=\"850\" alt=\"\" class=\"slider-865 slide-892\" \/><\/li>\n                <li style=\"display: none; width: 100%;\" class=\"slide-893 ms-image\"><img src=\"https:\/\/www.stopauxviolencessexuelles.com\/us\/wp-content\/uploads\/sites\/3\/2019\/02\/GWE2920assises-08_01assises-08_01-850x567.jpg\" height=\"567\" width=\"850\" alt=\"\" class=\"slider-865 slide-893\" \/><\/li>\n                <li style=\"display: none; width: 100%;\" class=\"slide-894 ms-image\"><img src=\"https:\/\/www.stopauxviolencessexuelles.com\/us\/wp-content\/uploads\/sites\/3\/2019\/02\/GWE2916assises-08_01assises-08_01-850x567.jpg\" height=\"567\" width=\"850\" alt=\"\" class=\"slider-865 slide-894\" \/><\/li>\n                <li style=\"display: none; width: 100%;\" class=\"slide-895 ms-image\"><img src=\"https:\/\/www.stopauxviolencessexuelles.com\/us\/wp-content\/uploads\/sites\/3\/2019\/02\/GWE2914assises-08_01assises-08_01-850x567.jpg\" height=\"567\" width=\"850\" alt=\"\" class=\"slider-865 slide-895\" \/><\/li>\n            <\/ul>\n        <\/div>\n        \n    <\/div>\n<\/div><\/p>\n<p><strong>Conference 2019 \u2013 THE VIDEOS<\/strong><\/p>\n<p><strong>Mika\u00ebl Poutiers<\/strong><\/p>\n<p><iframe width=\"625\" height=\"352\" src=\"https:\/\/www.youtube.com\/embed\/vZhvNp1yY48?start=2&#038;feature=oembed\" frameborder=\"0\" allow=\"accelerometer; autoplay; encrypted-media; gyroscope; picture-in-picture\" allowfullscreen><\/iframe><\/p>\n<p>&nbsp;<\/p>\n<p><strong>Violaine Chabardes<\/strong><\/p>\n<p><iframe width=\"625\" height=\"352\" src=\"https:\/\/www.youtube.com\/embed\/_YoX887qIz4?feature=oembed\" frameborder=\"0\" allow=\"accelerometer; autoplay; encrypted-media; gyroscope; picture-in-picture\" allowfullscreen><\/iframe><\/p>\n","protected":false},"excerpt":{"rendered":"<p>The 6th International Conference took place in Paris on January 7th and 8th 2019 Program of the 6th International Congress (2019) \u2013\u00a0in english CV of the speakers and moderators &#8211; Conference 2019 The 7\/1 Speeches Speech of Madame la D\u00e9put\u00e9e Sophie Auconie Slides of Dr Violaine Gu\u00e9rin Progress made between two conferences Speech of Andr\u00e9a [&hellip;]<\/p>\n","protected":false},"author":4,"featured_media":5,"parent":0,"menu_order":0,"comment_status":"closed","ping_status":"closed","template":"","meta":[],"_links":{"self":[{"href":"https:\/\/www.stopauxviolencessexuelles.com\/us\/wp-json\/wp\/v2\/pages\/624"}],"collection":[{"href":"https:\/\/www.stopauxviolencessexuelles.com\/us\/wp-json\/wp\/v2\/pages"}],"about":[{"href":"https:\/\/www.stopauxviolencessexuelles.com\/us\/wp-json\/wp\/v2\/types\/page"}],"author":[{"embeddable":true,"href":"https:\/\/www.stopauxviolencessexuelles.com\/us\/wp-json\/wp\/v2\/users\/4"}],"replies":[{"embeddable":true,"href":"https:\/\/www.stopauxviolencessexuelles.com\/us\/wp-json\/wp\/v2\/comments?post=624"}],"version-history":[{"count":51,"href":"https:\/\/www.stopauxviolencessexuelles.com\/us\/wp-json\/wp\/v2\/pages\/624\/revisions"}],"predecessor-version":[{"id":938,"href":"https:\/\/www.stopauxviolencessexuelles.com\/us\/wp-json\/wp\/v2\/pages\/624\/revisions\/938"}],"wp:featuredmedia":[{"embeddable":true,"href":"https:\/\/www.stopauxviolencessexuelles.com\/us\/wp-json\/wp\/v2\/media\/5"}],"wp:attachment":[{"href":"https:\/\/www.stopauxviolencessexuelles.com\/us\/wp-json\/wp\/v2\/media?parent=624"}],"curies":[{"name":"wp","href":"https:\/\/api.w.org\/{rel}","templated":true}]}}