{"id":721,"date":"2019-01-04T07:19:26","date_gmt":"2019-01-04T06:19:26","guid":{"rendered":"http:\/\/www.stopauxviolencessexuelles.com\/us\/?page_id=721"},"modified":"2019-06-11T17:45:12","modified_gmt":"2019-06-11T16:45:12","slug":"ethics-committee","status":"publish","type":"page","link":"https:\/\/www.stopauxviolencessexuelles.com\/us\/ethics-committee\/","title":{"rendered":"Ethics Committee"},"content":{"rendered":"\n<table id=\"tablepress-4\" class=\"tablepress tablepress-id-4\">\n<tbody>\n<tr class=\"row-1\">\n\t<td class=\"column-1\"><img src=\"http:\/\/www.stopauxviolencessexuelles.com\/wp-content\/uploads\/2019\/06\/ethique-Muguette-DINI.jpg\" alt=\"\" width=\"191\" height=\"108\" class=\"alignnone size-full wp-image-5280\" \/><\/td><td class=\"column-2\"><h1>Muguette DINI <\/h1><br \/>\nPr\u00e9sidente du Comit\u00e9 d\u2019Ethique<br \/>\n<br \/>\nAncienne S\u00e9natrice du Rh\u00f4ne<br \/>\n\u2022\tCo-auteure de la loi relative \u00e0 la protection de l\u2019enfant (Loi n\u00b02016-297 du 14 mars 2016)<br \/>\n\u2022\tAuteure de la loi autorisant l\u2019exp\u00e9rimentation des maisons de naissance (Loi n\u00b0 2013-1118 du 6 d\u00e9cembre 2013)<br \/>\n\u2022\tRapporteure de la proposition de loi relative au suivi des enfants en danger par la transmission des informations (Loi n\u00b02012-301 du 5 mars 2012)<br \/>\n\u2022\tRapporteure de la proposition de loi relative aux violences faites sp\u00e9cifiquement aux femmes, aux violences au sein du couple et aux incidences de ces derniers sur les enfants (Loi n\u00b0 2010-769 du 9 juillet 2010)<br \/>\n\u2022\tAuteure de la proposition de la loi relative \u00e0 la cr\u00e9ation des maisons d\u2019assistantes maternelles (Loi n\u00b0 2010-625 du 9 juin 2010)<br \/>\n<\/td>\n<\/tr>\n<tr class=\"row-2\">\n\t<td class=\"column-1\"><img src=\"http:\/\/www.stopauxviolencessexuelles.com\/wp-content\/uploads\/2019\/06\/etique-PETIT-Jacques\" alt=\"Karine Deshayes\" width=\"191\" height=\"254\" class=\"alignnone size-full wp-image-75\" \/><\/td><td class=\"column-2\"><h1>Jacques-Guy PETIT  <\/h1><br \/>\nVice-Pr\u00e9sident du Comit\u00e9 d\u2019Ethique<br \/>\n<br \/>\nHistorien<br \/>\n1974 - Doctorat d\u2019histoire contemporaine, universit\u00e9 Paris-X<br \/>\n1975 - Ma\u00eetre de conf\u00e9rences<br \/>\n1988 - Doctorat d\u2019Etat \u00e8s lettres et sciences humaines, universit\u00e9 Paris VII- Diderot<br \/>\n1991 - Professeur des universit\u00e9s<br \/>\n1992 - 2001 Directeur de l\u2019HIRES (Centre d\u2019histoire des r\u00e9gulations sociales, universit\u00e9 d\u2019Angers)<br \/>\n1993 - 2000 Membre du Comit\u00e9 d\u2019histoire de la S\u00e9curit\u00e9 sociale<br \/>\n2003 - 2008 Pr\u00e9sident de l\u2019Association fran\u00e7aise d\u2019Etudes canadiennes<br \/>\n2006 - Professeur \u00e9m\u00e9rite \u00e0 l\u2019Universit\u00e9 d\u2019Angers<br \/>\nTravaux sur l\u2019histoire de la justice et des lieux d\u2019enfermement ainsi que sur l\u2019histoire sociale (XVIIIe-XIXe si\u00e8cles)<\/td>\n<\/tr>\n<\/tbody>\n<\/table>\n<!-- #tablepress-4 from cache -->\n","protected":false},"excerpt":{"rendered":"","protected":false},"author":4,"featured_media":0,"parent":0,"menu_order":0,"comment_status":"closed","ping_status":"closed","template":"","meta":[],"_links":{"self":[{"href":"https:\/\/www.stopauxviolencessexuelles.com\/us\/wp-json\/wp\/v2\/pages\/721"}],"collection":[{"href":"https:\/\/www.stopauxviolencessexuelles.com\/us\/wp-json\/wp\/v2\/pages"}],"about":[{"href":"https:\/\/www.stopauxviolencessexuelles.com\/us\/wp-json\/wp\/v2\/types\/page"}],"author":[{"embeddable":true,"href":"https:\/\/www.stopauxviolencessexuelles.com\/us\/wp-json\/wp\/v2\/users\/4"}],"replies":[{"embeddable":true,"href":"https:\/\/www.stopauxviolencessexuelles.com\/us\/wp-json\/wp\/v2\/comments?post=721"}],"version-history":[{"count":3,"href":"https:\/\/www.stopauxviolencessexuelles.com\/us\/wp-json\/wp\/v2\/pages\/721\/revisions"}],"predecessor-version":[{"id":951,"href":"https:\/\/www.stopauxviolencessexuelles.com\/us\/wp-json\/wp\/v2\/pages\/721\/revisions\/951"}],"wp:attachment":[{"href":"https:\/\/www.stopauxviolencessexuelles.com\/us\/wp-json\/wp\/v2\/media?parent=721"}],"curies":[{"name":"wp","href":"https:\/\/api.w.org\/{rel}","templated":true}]}}