{"id":956,"date":"2019-06-18T07:34:16","date_gmt":"2019-06-18T06:34:16","guid":{"rendered":"http:\/\/www.stopauxviolencessexuelles.com\/us\/?page_id=956"},"modified":"2020-02-14T18:43:30","modified_gmt":"2020-02-14T17:43:30","slug":"2020-conference","status":"publish","type":"page","link":"https:\/\/www.stopauxviolencessexuelles.com\/us\/2020-conference\/","title":{"rendered":"2020 CONFERENCE"},"content":{"rendered":"<h2 class=\"container\">The 7th International Assises will be held at UNESCO,<br \/>\non Monday 6 and Tuesday 7 January 2020, in Paris<\/h2>\n<p>Program of the 7th International Congress (2020) \u2013\u00a0<a href=\"http:\/\/www.stopauxviolencessexuelles.com\/us\/wp-content\/uploads\/sites\/3\/2019\/10\/PROGRAMME-ASSISES-2020-anglais-6-7janvier.pdf\" target=\"_blank\" rel=\"noopener\">in english<\/a><\/p>\n<p><strong><a href=\"http:\/\/www.stopauxviolencessexuelles.com\/wp-content\/uploads\/2019\/08\/2019-CV-assises-2020.pdf\" target=\"_blank\" rel=\"noopener\">CV of the speakers and moderators &#8211; Conference 2020<\/a><br \/>\n<\/strong><\/p>\n<p><strong>The 6\/1<\/strong><\/p>\n<p><strong>Speeches<\/strong><\/p>\n<p><span class=\"tlid-translation translation\" lang=\"en\"><span class=\"\" title=\"\">Opening of the conferences by His Excellency Ambassador Ferit Hoxha<\/span><\/span><br \/>\n<iframe width=\"625\" height=\"352\" src=\"https:\/\/www.youtube.com\/embed\/fq6H2hoGAeM?feature=oembed\" frameborder=\"0\" allow=\"accelerometer; autoplay; encrypted-media; gyroscope; picture-in-picture\" allowfullscreen><\/iframe><\/p>\n<p>Slides of Dr Violaine Gu\u00e9rin<br \/>\n<a href=\"http:\/\/www.stopauxviolencessexuelles.com\/wp-content\/uploads\/2020\/01\/ENG-03_SLIDES-2020_Assises-Pleniere-GUERIN-Violaine.pdf\" target=\"_blank\" rel=\"noopener\">The Journey between two conferences<\/a><br \/>\n<iframe width=\"625\" height=\"352\" src=\"https:\/\/www.youtube.com\/embed\/6e8C4WRS-q0?start=328&#038;feature=oembed\" frameborder=\"0\" allow=\"accelerometer; autoplay; encrypted-media; gyroscope; picture-in-picture\" allowfullscreen><\/iframe><\/p>\n<p>Slides of Muguette Dini<br \/>\n<a href=\"http:\/\/www.stopauxviolencessexuelles.com\/wp-content\/uploads\/2020\/01\/ENG-04_SLIDES-2020_Assises-Pleniere-DINI-Muguette.pdf\" target=\"_blank\" rel=\"noopener\">Sects and sexual violence<\/a><br \/>\n<iframe width=\"625\" height=\"352\" src=\"https:\/\/www.youtube.com\/embed\/kh8ZLqoOmyY?feature=oembed\" frameborder=\"0\" allow=\"accelerometer; autoplay; encrypted-media; gyroscope; picture-in-picture\" allowfullscreen><\/iframe><\/p>\n<p>Slides of Pr Wissam El Hage<br \/>\n<a href=\"http:\/\/www.stopauxviolencessexuelles.com\/wp-content\/uploads\/2020\/01\/ENG-05_SLIDES-2020_Assises-Pleniere-EL-HAGE-Wissam.pdf\" target=\"_blank\" rel=\"noopener\">The silence \u2013 Why don\u2019t victims of sexual violence speak out?<\/a><br \/>\n<iframe width=\"625\" height=\"352\" src=\"https:\/\/www.youtube.com\/embed\/WA8tn_bOmkE?feature=oembed\" frameborder=\"0\" allow=\"accelerometer; autoplay; encrypted-media; gyroscope; picture-in-picture\" allowfullscreen><\/iframe><\/p>\n<p>Slides of round table<br \/>\n<a href=\"http:\/\/www.stopauxviolencessexuelles.com\/wp-content\/uploads\/2020\/01\/ENG-09_SLIDES-2020_Assises-Pleniere-Table-ronde-OMERTA.pdf\" target=\"_blank\" rel=\"noopener\">Institutionalised silence<\/a><br \/>\n<iframe width=\"625\" height=\"352\" src=\"https:\/\/www.youtube.com\/embed\/T5scsRwiHJg?feature=oembed\" frameborder=\"0\" allow=\"accelerometer; autoplay; encrypted-media; gyroscope; picture-in-picture\" allowfullscreen><\/iframe><\/p>\n<p>Slides of Elen Vuidard<br \/>\n<a href=\"http:\/\/www.stopauxviolencessexuelles.com\/wp-content\/uploads\/2020\/01\/ENG-15_SLIDES-2020_Assises-Pleniere-VUIDARD-Elen.pdf\" target=\"_blank\" rel=\"noopener\">Sexual crimes and behavioural analysis in judicial investigations<\/a><br \/>\n<iframe width=\"625\" height=\"352\" src=\"https:\/\/www.youtube.com\/embed\/6nAJ7uxtzDk?feature=oembed\" frameborder=\"0\" allow=\"accelerometer; autoplay; encrypted-media; gyroscope; picture-in-picture\" allowfullscreen><\/iframe><\/p>\n<p>Slides of Pr Isabelle Daigneault (Canada)<br \/>\n<a href=\"http:\/\/www.stopauxviolencessexuelles.com\/wp-content\/uploads\/2020\/01\/ENG-16_SLIDES-2020_Assises-Pleniere-DAIGNEAULT-Isabelle.pdf\" target=\"_blank\" rel=\"noopener\">Health of sexually abused children compared to the general population<\/a><br \/>\n<iframe width=\"625\" height=\"352\" src=\"https:\/\/www.youtube.com\/embed\/1qITov_a34w?feature=oembed\" frameborder=\"0\" allow=\"accelerometer; autoplay; encrypted-media; gyroscope; picture-in-picture\" allowfullscreen><\/iframe><\/p>\n<p>Slides of Nicole Andrieu, Nadine Knezovic-Daniel<br \/>\n<a href=\"http:\/\/www.stopauxviolencessexuelles.com\/wp-content\/uploads\/2020\/01\/ENG-17_SLIDES-2020_Assises-Pleniere-ANDRIEU-KNEZOVIC.pdf\" target=\"_blank\" rel=\"noopener\">Prevention of sexual violence in perinatal services<\/a><br \/>\n<iframe width=\"625\" height=\"352\" src=\"https:\/\/www.youtube.com\/embed\/OVTCKx4Xpik?feature=oembed\" frameborder=\"0\" allow=\"accelerometer; autoplay; encrypted-media; gyroscope; picture-in-picture\" allowfullscreen><\/iframe><\/p>\n<p>Slides of Michael Moran (Ireland), J\u00e9r\u00f4me Duhamel et R\u00e9gis Villette<br \/>\n<a href=\"http:\/\/www.stopauxviolencessexuelles.com\/wp-content\/uploads\/2020\/01\/21_SLIDES-2020-Assises-Plen-ie%CC%80re-DUHAMEL-VILLETTE.pdf\" target=\"_blank\" rel=\"noopener\">Extorsion sexuelle &#8211; les modes op\u00e9ratoires et les cons\u00e9quences<\/a><br \/>\n<a href=\"http:\/\/www.stopauxviolencessexuelles.com\/wp-content\/uploads\/2020\/01\/21_SLIDES-2020-Assises-Plen-ie%CC%80re-DUHAMEL-VILLETTE.pdf\" target=\"_blank\" rel=\"noopener\">Online sexual coercion and extortion exploring the criminality<\/a><br \/>\n<iframe width=\"625\" height=\"352\" src=\"https:\/\/www.youtube.com\/embed\/cmC4oL5bByw?feature=oembed\" frameborder=\"0\" allow=\"accelerometer; autoplay; encrypted-media; gyroscope; picture-in-picture\" allowfullscreen><\/iframe><\/p>\n<p>Slides of Florence Tilkens (UK)<br \/>\n<a href=\"http:\/\/www.stopauxviolencessexuelles.com\/wp-content\/uploads\/2020\/01\/22_SLIDES-2020-Assises-Pleniere-TILKENS-Florence.pdf\" target=\"_blank\" rel=\"noopener\">Sexual violence: what happened in the world in 2019?<\/a><br \/>\n<iframe width=\"625\" height=\"352\" src=\"https:\/\/www.youtube.com\/embed\/6a4oD-MLxOA?feature=oembed\" frameborder=\"0\" allow=\"accelerometer; autoplay; encrypted-media; gyroscope; picture-in-picture\" allowfullscreen><\/iframe><\/p>\n<p>Slides of Anne Maurel<br \/>\n<a href=\"http:\/\/www.stopauxviolencessexuelles.com\/wp-content\/uploads\/2020\/01\/ENG-23_SLIDES-2020_Assises-Pleniere-MAUREL-Anne.pdf\" target=\"_blank\" rel=\"noopener\">Art, culture and sexual violence<\/a><br \/>\n<iframe width=\"625\" height=\"352\" src=\"https:\/\/www.youtube.com\/embed\/sOZvgBieorQ?feature=oembed\" frameborder=\"0\" allow=\"accelerometer; autoplay; encrypted-media; gyroscope; picture-in-picture\" allowfullscreen><\/iframe><\/p>\n<p><a href=\"http:\/\/www.stopauxviolencessexuelles.com\/wp-content\/uploads\/2020\/01\/MESSAGES-CLES-2020.pdf\" target=\"_blank\" rel=\"noopener\"><strong>Key messages 2020<\/strong><\/a><br \/>\n<a href=\"http:\/\/www.stopauxviolencessexuelles.com\/wp-content\/uploads\/2020\/01\/sponsors-SVS-ASSISES-2020.pdf\" target=\"_blank\" rel=\"noopener\"><strong>Sponsors 2020<\/strong><\/a><br \/>\n<a href=\"http:\/\/www.stopauxviolencessexuelles.com\/wp-content\/uploads\/2020\/01\/DOSSIER-DE-PRESSE-2020-bdef.pdf\" target=\"_blank\" rel=\"noopener\"><strong>Press kit 2020<\/strong><\/a><\/p>\n<p>&nbsp;<\/p>\n","protected":false},"excerpt":{"rendered":"<p>The 7th International Assises will be held at UNESCO, on Monday 6 and Tuesday 7 January 2020, in Paris Program of the 7th International Congress (2020) \u2013\u00a0in english CV of the speakers and moderators &#8211; Conference 2020 The 6\/1 Speeches Opening of the conferences by His Excellency Ambassador Ferit Hoxha Slides of Dr Violaine Gu\u00e9rin [&hellip;]<\/p>\n","protected":false},"author":4,"featured_media":5,"parent":0,"menu_order":0,"comment_status":"closed","ping_status":"closed","template":"","meta":[],"_links":{"self":[{"href":"https:\/\/www.stopauxviolencessexuelles.com\/us\/wp-json\/wp\/v2\/pages\/956"}],"collection":[{"href":"https:\/\/www.stopauxviolencessexuelles.com\/us\/wp-json\/wp\/v2\/pages"}],"about":[{"href":"https:\/\/www.stopauxviolencessexuelles.com\/us\/wp-json\/wp\/v2\/types\/page"}],"author":[{"embeddable":true,"href":"https:\/\/www.stopauxviolencessexuelles.com\/us\/wp-json\/wp\/v2\/users\/4"}],"replies":[{"embeddable":true,"href":"https:\/\/www.stopauxviolencessexuelles.com\/us\/wp-json\/wp\/v2\/comments?post=956"}],"version-history":[{"count":27,"href":"https:\/\/www.stopauxviolencessexuelles.com\/us\/wp-json\/wp\/v2\/pages\/956\/revisions"}],"predecessor-version":[{"id":1033,"href":"https:\/\/www.stopauxviolencessexuelles.com\/us\/wp-json\/wp\/v2\/pages\/956\/revisions\/1033"}],"wp:featuredmedia":[{"embeddable":true,"href":"https:\/\/www.stopauxviolencessexuelles.com\/us\/wp-json\/wp\/v2\/media\/5"}],"wp:attachment":[{"href":"https:\/\/www.stopauxviolencessexuelles.com\/us\/wp-json\/wp\/v2\/media?parent=956"}],"curies":[{"name":"wp","href":"https:\/\/api.w.org\/{rel}","templated":true}]}}